{"id":217,"date":"2018-07-02T14:33:00","date_gmt":"2018-07-02T12:33:00","guid":{"rendered":"http:\/\/gshseguros.com\/home\/?page_id=217"},"modified":"2025-12-03T11:45:42","modified_gmt":"2025-12-03T10:45:42","slug":"contacto","status":"publish","type":"page","link":"https:\/\/gshseguros.com\/home\/contacto\/","title":{"rendered":"Contacto"},"content":{"rendered":"<p>[et_pb_section fb_built=\u00bb1&#8243; inner_shadow=\u00bbon\u00bb fullwidth=\u00bbon\u00bb admin_label=\u00bbMap Header\u00bb _builder_version=\u00bb4.16&#8243; bottom_divider_style=\u00bbarrow\u00bb bottom_divider_color=\u00bb#e8e0d7&#8243; global_colors_info=\u00bb{}\u00bb][et_pb_fullwidth_map address=\u00bb1\u00ba, Calle de Vel\u00e1zquez, 158, 28002 Madrid, Espa\u00f1a\u00bb zoom_level=\u00bb14&#8243; address_lat=\u00bb40.445403777285726&#8243; address_lng=\u00bb-3.702475396447767&#8243; mouse_wheel=\u00bboff\u00bb _builder_version=\u00bb4.16&#8243; child_filter_saturate=\u00bb49%\u00bb child_filter_sepia=\u00bb12%\u00bb global_colors_info=\u00bb{}\u00bb][et_pb_map_pin title=\u00bbGSH SEGUROS\u00bb pin_address=\u00bb1\u00ba, Calle de Vel\u00e1zquez, 158, 28002 Madrid, Espa\u00f1a\u00bb pin_address_lat=\u00bb40.4441627&#8243; pin_address_lng=\u00bb-3.682348100000013&#8243; _builder_version=\u00bb3.9&#8243; global_colors_info=\u00bb{}\u00bb]Gesti\u00f3n de Seguros Hexagon<br \/>\nCalle Vel\u00e1zquez 158, 1\u00ba A<br \/>\n28002 Madrid<br \/>\nTel. 91 563 18 33[\/et_pb_map_pin][\/et_pb_fullwidth_map][\/et_pb_section][et_pb_section fb_built=\u00bb1&#8243; specialty=\u00bbon\u00bb admin_label=\u00bbContact\u00bb _builder_version=\u00bb4.16&#8243; background_color=\u00bb#e8e0d7&#8243; custom_margin=\u00bb|||\u00bb custom_padding=\u00bb0px|0px|54px|0px\u00bb custom_css_main_element=\u00bbz-index: 9999;\u00bb global_colors_info=\u00bb{}\u00bb][et_pb_column type=\u00bb1_2&#8243; specialty_columns=\u00bb2&#8243; _builder_version=\u00bb4.16&#8243; custom_padding=\u00bb|||\u00bb global_colors_info=\u00bb{}\u00bb custom_padding__hover=\u00bb|||\u00bb][et_pb_row_inner custom_padding_last_edited=\u00bbon|desktop\u00bb _builder_version=\u00bb4.16&#8243; background_color=\u00bb#ffffff\u00bb custom_margin=\u00bb-200px||80px|\u00bb custom_margin_tablet=\u00bb-100px|||\u00bb custom_margin_phone=\u00bb-50px|||\u00bb custom_margin_last_edited=\u00bbon|tablet\u00bb custom_padding=\u00bb60px|60px|60px|60px\u00bb custom_padding_tablet=\u00bb\u00bb custom_padding_phone=\u00bb|40px||40px\u00bb custom_css_main_element=\u00bbz-index: 9999;\t\u00bb box_shadow_style=\u00bbpreset3&#8243; box_shadow_vertical=\u00bb15px\u00bb box_shadow_blur=\u00bb80px\u00bb global_colors_info=\u00bb{}\u00bb][et_pb_column_inner saved_specialty_column_type=\u00bb1_2&#8243; _builder_version=\u00bb4.16&#8243; custom_padding=\u00bb|||\u00bb global_colors_info=\u00bb{}\u00bb custom_padding__hover=\u00bb|||\u00bb][et_pb_image src=\u00bbhttps:\/\/gshseguros.com\/home\/wp-content\/uploads\/2018\/08\/simbolo-tejado.png\u00bb align=\u00bbcenter\u00bb align_tablet=\u00bbcenter\u00bb align_phone=\u00bbcenter\u00bb align_last_edited=\u00bbon|desktop\u00bb _builder_version=\u00bb4.16&#8243; max_width=\u00bb50%\u00bb max_width_tablet=\u00bb\u00bb max_width_phone=\u00bb75%\u00bb max_width_last_edited=\u00bbon|phone\u00bb global_colors_info=\u00bb{}\u00bb]<br \/>\n[\/et_pb_image][et_pb_text _builder_version=\u00bb4.21.0&#8243; text_font=\u00bb||||||||\u00bb header_font=\u00bbPlayfair Display|700|||||||\u00bb header_font_size=\u00bb38px\u00bb header_letter_spacing=\u00bb1px\u00bb header_line_height=\u00bb1.4em\u00bb header_2_font=\u00bb||||||||\u00bb header_3_font=\u00bb||||||||\u00bb text_orientation=\u00bbcenter\u00bb max_width=\u00bb550px\u00bb module_alignment=\u00bbcenter\u00bb custom_margin=\u00bb|||\u00bb locked=\u00bboff\u00bb global_colors_info=\u00bb{}\u00bb]<\/p>\n<h1>CONTACTO<\/h1>\n<p>[\/et_pb_text][et_pb_contact_form email=\u00bbsherraiz@gshseguros.com\u00bb success_message=\u00bbMensaje enviado correctamente. Muchas gracias, nos pondremos en contacto con usted a la mayor brevedad\u00bb submit_button_text=\u00bbEnviar\u00bb module_id=\u00bbet_pb_contact_form_0&#8243; _builder_version=\u00bb4.27.4&#8243; _unique_id=\u00bb56695954-64ed-4502-b696-319ee168f2bc\u00bb form_field_background_color=\u00bb#ffffff\u00bb form_field_text_color=\u00bbrgba(0,0,0,0.7)\u00bb title_level=\u00bbh2&#8243; title_font=\u00bbPlayfair Display|700||on|||||\u00bb title_text_align=\u00bbcenter\u00bb title_font_size=\u00bb38px\u00bb title_line_height=\u00bb1.4em\u00bb form_field_font=\u00bbPoppins|600||on|||||\u00bb form_field_font_size=\u00bb12px\u00bb form_field_letter_spacing=\u00bb2px\u00bb custom_button=\u00bbon\u00bb button_text_color=\u00bb#ffffff\u00bb button_bg_color=\u00bb#812528&#8243; button_border_width=\u00bb0px\u00bb button_border_radius=\u00bb0px\u00bb button_letter_spacing=\u00bb1px\u00bb button_font=\u00bbSaira Extra Condensed|600||on|||||\u00bb custom_margin=\u00bb|||\u00bb custom_padding=\u00bb|||\u00bb hover_enabled=\u00bb0&#8243; border_color_all=\u00bb#dfdfe3&#8243; border_width_bottom=\u00bb1px\u00bb form_background_color=\u00bb#ffffff\u00bb locked=\u00bboff\u00bb global_colors_info=\u00bb{}\u00bb sticky_enabled=\u00bb0&#8243;][et_pb_contact_field field_id=\u00bbNombre\u00bb field_title=\u00bbNombre\u00bb fullwidth_field=\u00bbon\u00bb _builder_version=\u00bb4.16&#8243; form_field_font=\u00bb||||||||\u00bb custom_margin=\u00bb||20px|\u00bb custom_padding=\u00bb|||\u00bb global_colors_info=\u00bb{}\u00bb][\/et_pb_contact_field][et_pb_contact_field field_id=\u00bbEmail\u00bb field_title=\u00bbDirecci\u00f3n de correo electr\u00f3nico\u00bb fullwidth_field=\u00bbon\u00bb _builder_version=\u00bb4.16&#8243; form_field_font=\u00bb||||||||\u00bb custom_margin=\u00bb||20px|\u00bb global_colors_info=\u00bb{}\u00bb][\/et_pb_contact_field][et_pb_contact_field field_id=\u00bbTel\u00e9fono\u00bb field_title=\u00bbN\u00famero de tel\u00e9fono\u00bb required_mark=\u00bboff\u00bb fullwidth_field=\u00bbon\u00bb _builder_version=\u00bb4.16&#8243; form_field_font=\u00bb||||||||\u00bb custom_margin=\u00bb||20px|\u00bb global_colors_info=\u00bb{}\u00bb][\/et_pb_contact_field][et_pb_contact_field field_id=\u00bbMensaje\u00bb field_title=\u00bbMensaje\u00bb field_type=\u00bbtext\u00bb fullwidth_field=\u00bbon\u00bb _builder_version=\u00bb4.16&#8243; form_field_background_color=\u00bbrgba(12,12,12,0.02)\u00bb form_field_font=\u00bb||||||||\u00bb custom_margin=\u00bb40px||20px|\u00bb border_width_all=\u00bb1px\u00bb field_background_color=\u00bbrgba(12,12,12,0.02)\u00bb global_colors_info=\u00bb{}\u00bb][\/et_pb_contact_field][et_pb_contact_field field_id=\u00bbcheckbox\u00bb field_title=\u00bbPRIVACIDAD\u00bb field_type=\u00bbcheckbox\u00bb checkbox_options=\u00bb%91{%22value%22:%22HE LE\u00cdDO Y ACEPTO LA %22,%22checked%22:0,%22dragID%22:-1,%22link_url%22:%22https:\/\/gshseguros.com\/home\/politica-privacidad\/%22,%22link_text%22:%22POL\u00cdTICA DE PRIVACIDAD%22}%93&#8243; _builder_version=\u00bb4.19.5&#8243; form_field_font=\u00bb||||||||\u00bb link_option_url=\u00bbhttps:\/\/gshseguros.com\/home\/aviso-legal\/\u00bb global_colors_info=\u00bb{}\u00bb][\/et_pb_contact_field][\/et_pb_contact_form][et_pb_text _builder_version=\u00bb4.19.5&#8243; global_module=\u00bb1021&#8243; global_colors_info=\u00bb{}\u00bb]<\/p>\n<p><strong>INFORMACION BASICA SOBRE PROTECCION DE DATOS PERSONALES<\/strong><\/p>\n<ul>\n<li><strong>Responsable:<\/strong> GESTION DE SEGUROS HEXAGON, S.L.<\/li>\n<li><strong>Finalidad:<\/strong> Prestar los servicios solicitados y realizar la gesti\u00f3n contable, fiscal y administrativa, as\u00ed como enviarle comunicaciones comerciales sobre nuestros productos y\/o servicios y realizarles encuestas de satisfacci\u00f3n.<\/li>\n<li><strong>Legitimaci\u00f3n:<\/strong> su propio consentimiento, el inter\u00e9s leg\u00edtimo.<\/li>\n<li><strong>Destinatario:<\/strong> no cederemos sus datos a terceros, salvo obligaci\u00f3n legal.<\/li>\n<li><strong>Derechos:<\/strong> puede ejercitar los derechos de acceso, rectificaci\u00f3n o supresi\u00f3n de datos, as\u00ed como disponer de otros derechos en <a href=\"mailto:gsh@gshseguros.com\">gsh@gshseguros.com<\/a><\/li>\n<\/ul>\n<p>As\u00ed mismo, le informamos que si no desea recibir informaci\u00f3n comercial de nuestros productos y servicios nos lo comunique en el cuerpo del mensaje (en el formulario anterior) o nos escriba a la direcci\u00f3n electr\u00f3nica se\u00f1alada en el p\u00e1rrafo anterior.<\/p>\n<p>Informaci\u00f3n adicional: <a href=\"https:\/\/gshseguros.com\/home\/politica-privacidad\/\">www.gshseguros.com<\/a><\/p>\n<p>[\/et_pb_text][\/et_pb_column_inner][\/et_pb_row_inner][\/et_pb_column][et_pb_column type=\u00bb1_2&#8243; _builder_version=\u00bb4.16&#8243; custom_padding=\u00bb|||\u00bb global_colors_info=\u00bb{}\u00bb custom_padding__hover=\u00bb|||\u00bb][et_pb_blurb title=\u00bbVenGA a vernos\u00bb use_icon=\u00bbon\u00bb icon_color=\u00bb#ffffff\u00bb image_icon_background_color=\u00bb#812528&#8243; icon_placement=\u00bbleft\u00bb image_icon_width=\u00bb24px\u00bb _builder_version=\u00bb4.16&#8243; header_font=\u00bbPoppins|700||on|||||\u00bb header_text_color=\u00bb#812528&#8243; header_font_size=\u00bb12px\u00bb header_letter_spacing=\u00bb1px\u00bb body_font=\u00bbPoppins||||||||\u00bb body_text_color=\u00bb#000000&#8243; body_letter_spacing=\u00bb1px\u00bb body_line_height=\u00bb1.8em\u00bb image_icon_custom_padding=\u00bb8px|8px|8px|8px|false|false\u00bb text_orientation=\u00bbcenter\u00bb custom_margin=\u00bb||40px|\u00bb animation_style=\u00bbzoom\u00bb animation_intensity_zoom=\u00bb30%\u00bb animation=\u00bboff\u00bb border_style_all=\u00bbdashed\u00bb border_radii_image=\u00bbon|100%|100%|100%|100%\u00bb icon_font_size=\u00bb24px\u00bb use_circle=\u00bbon\u00bb locked=\u00bboff\u00bb global_colors_info=\u00bb{}\u00bb image_icon_background_color__sticky_enabled=\u00bb#812528&#8243; image_icon_background_color__sticky=\u00bb#812528&#8243;]<\/p>\n<p>Calle Vel\u00e1zquez 158, 1\u00ba A<br \/>28002 Madrid<\/p>\n<p>[\/et_pb_blurb][et_pb_blurb title=\u00bbLl\u00e1mEnos\u00bb use_icon=\u00bbon\u00bb icon_color=\u00bb#ffffff\u00bb image_icon_background_color=\u00bb#812528&#8243; icon_placement=\u00bbleft\u00bb image_icon_width=\u00bb24px\u00bb _builder_version=\u00bb4.16&#8243; header_font=\u00bbPoppins|700||on|||||\u00bb header_text_color=\u00bb#812528&#8243; header_font_size=\u00bb12px\u00bb header_letter_spacing=\u00bb1px\u00bb body_font=\u00bbPoppins||||||||\u00bb body_text_color=\u00bb#000000&#8243; body_letter_spacing=\u00bb1px\u00bb body_line_height=\u00bb1.8em\u00bb image_icon_custom_padding=\u00bb8px|8px|8px|8px|false|false\u00bb text_orientation=\u00bbcenter\u00bb custom_margin=\u00bb||40px|\u00bb animation_style=\u00bbzoom\u00bb animation_intensity_zoom=\u00bb30%\u00bb animation=\u00bboff\u00bb border_style_all=\u00bbdashed\u00bb border_radii_image=\u00bbon|100%|100%|100%|100%\u00bb icon_font_size=\u00bb24px\u00bb use_circle=\u00bbon\u00bb locked=\u00bboff\u00bb global_colors_info=\u00bb{}\u00bb image_icon_background_color__sticky_enabled=\u00bb#812528&#8243; image_icon_background_color__sticky=\u00bb#812528&#8243;]<\/p>\n<p>Tel. 91 563 18 33<\/p>\n<p>Rellene el formulario de contacto o env\u00ede un email a:<\/p>\n<p><a href=\"mailto:gsh@gshseguros.com\">gsh@gshseguros.com<\/a><\/p>\n<p>[\/et_pb_blurb][\/et_pb_column][\/et_pb_section]<\/p>\n","protected":false},"excerpt":{"rendered":"<p>Gesti\u00f3n de Seguros Hexagon Calle Vel\u00e1zquez 158, 1\u00ba A 28002 Madrid Tel. 91 563 18 33 CONTACTOINFORMACION BASICA SOBRE PROTECCION DE DATOS PERSONALES Responsable: GESTION DE SEGUROS HEXAGON, S.L. Finalidad: Prestar los servicios solicitados y realizar la gesti\u00f3n contable, fiscal y administrativa, as\u00ed como enviarle comunicaciones comerciales sobre nuestros productos y\/o servicios y realizarles encuestas [&hellip;]<\/p>\n","protected":false},"author":1,"featured_media":0,"parent":0,"menu_order":0,"comment_status":"closed","ping_status":"closed","template":"","meta":{"_et_pb_use_builder":"on","_et_pb_old_content":"","_et_gb_content_width":"","footnotes":""},"class_list":["post-217","page","type-page","status-publish","hentry"],"yoast_head":"<!-- This site is optimized with the Yoast SEO plugin v26.5 - https:\/\/yoast.com\/wordpress\/plugins\/seo\/ -->\n<title>Contacto - GSH Seguros<\/title>\n<meta name=\"robots\" content=\"index, follow, max-snippet:-1, max-image-preview:large, max-video-preview:-1\" \/>\n<link rel=\"canonical\" href=\"https:\/\/gshseguros.com\/home\/contacto\/\" \/>\n<meta property=\"og:locale\" content=\"es_ES\" \/>\n<meta property=\"og:type\" content=\"article\" \/>\n<meta property=\"og:title\" content=\"Contacto - GSH Seguros\" \/>\n<meta property=\"og:description\" content=\"Gesti\u00f3n de Seguros Hexagon Calle Vel\u00e1zquez 158, 1\u00ba A 28002 Madrid Tel. 91 563 18 33 CONTACTOINFORMACION BASICA SOBRE PROTECCION DE DATOS PERSONALES Responsable: GESTION DE SEGUROS HEXAGON, S.L. Finalidad: Prestar los servicios solicitados y realizar la gesti\u00f3n contable, fiscal y administrativa, as\u00ed como enviarle comunicaciones comerciales sobre nuestros productos y\/o servicios y realizarles encuestas [&hellip;]\" \/>\n<meta property=\"og:url\" content=\"https:\/\/gshseguros.com\/home\/contacto\/\" \/>\n<meta property=\"og:site_name\" content=\"GSH Seguros\" \/>\n<meta property=\"article:modified_time\" content=\"2025-12-03T10:45:42+00:00\" \/>\n<meta name=\"twitter:card\" content=\"summary_large_image\" \/>\n<meta name=\"twitter:label1\" content=\"Tiempo de lectura\" \/>\n\t<meta name=\"twitter:data1\" content=\"6 minutos\" \/>\n<script type=\"application\/ld+json\" class=\"yoast-schema-graph\">{\"@context\":\"https:\/\/schema.org\",\"@graph\":[{\"@type\":\"WebPage\",\"@id\":\"https:\/\/gshseguros.com\/home\/contacto\/\",\"url\":\"https:\/\/gshseguros.com\/home\/contacto\/\",\"name\":\"Contacto - GSH Seguros\",\"isPartOf\":{\"@id\":\"https:\/\/gshseguros.com\/home\/#website\"},\"datePublished\":\"2018-07-02T12:33:00+00:00\",\"dateModified\":\"2025-12-03T10:45:42+00:00\",\"breadcrumb\":{\"@id\":\"https:\/\/gshseguros.com\/home\/contacto\/#breadcrumb\"},\"inLanguage\":\"es\",\"potentialAction\":[{\"@type\":\"ReadAction\",\"target\":[\"https:\/\/gshseguros.com\/home\/contacto\/\"]}]},{\"@type\":\"BreadcrumbList\",\"@id\":\"https:\/\/gshseguros.com\/home\/contacto\/#breadcrumb\",\"itemListElement\":[{\"@type\":\"ListItem\",\"position\":1,\"name\":\"Portada\",\"item\":\"https:\/\/gshseguros.com\/home\/\"},{\"@type\":\"ListItem\",\"position\":2,\"name\":\"Contacto\"}]},{\"@type\":\"WebSite\",\"@id\":\"https:\/\/gshseguros.com\/home\/#website\",\"url\":\"https:\/\/gshseguros.com\/home\/\",\"name\":\"GSH Seguros\",\"description\":\"Asesoramiento integral de todo tipo de soluciones aseguradoras\",\"publisher\":{\"@id\":\"https:\/\/gshseguros.com\/home\/#organization\"},\"potentialAction\":[{\"@type\":\"SearchAction\",\"target\":{\"@type\":\"EntryPoint\",\"urlTemplate\":\"https:\/\/gshseguros.com\/home\/?s={search_term_string}\"},\"query-input\":{\"@type\":\"PropertyValueSpecification\",\"valueRequired\":true,\"valueName\":\"search_term_string\"}}],\"inLanguage\":\"es\"},{\"@type\":\"Organization\",\"@id\":\"https:\/\/gshseguros.com\/home\/#organization\",\"name\":\"GSH SEGUROS HEXAGON\",\"url\":\"https:\/\/gshseguros.com\/home\/\",\"logo\":{\"@type\":\"ImageObject\",\"inLanguage\":\"es\",\"@id\":\"https:\/\/gshseguros.com\/home\/#\/schema\/logo\/image\/\",\"url\":\"https:\/\/gshseguros.com\/home\/wp-content\/uploads\/2018\/09\/logo-hexagon.jpg\",\"contentUrl\":\"https:\/\/gshseguros.com\/home\/wp-content\/uploads\/2018\/09\/logo-hexagon.jpg\",\"width\":6431,\"height\":4880,\"caption\":\"GSH SEGUROS HEXAGON\"},\"image\":{\"@id\":\"https:\/\/gshseguros.com\/home\/#\/schema\/logo\/image\/\"}}]}<\/script>\n<!-- \/ Yoast SEO plugin. -->","yoast_head_json":{"title":"Contacto - GSH Seguros","robots":{"index":"index","follow":"follow","max-snippet":"max-snippet:-1","max-image-preview":"max-image-preview:large","max-video-preview":"max-video-preview:-1"},"canonical":"https:\/\/gshseguros.com\/home\/contacto\/","og_locale":"es_ES","og_type":"article","og_title":"Contacto - GSH Seguros","og_description":"Gesti\u00f3n de Seguros Hexagon Calle Vel\u00e1zquez 158, 1\u00ba A 28002 Madrid Tel. 91 563 18 33 CONTACTOINFORMACION BASICA SOBRE PROTECCION DE DATOS PERSONALES Responsable: GESTION DE SEGUROS HEXAGON, S.L. Finalidad: Prestar los servicios solicitados y realizar la gesti\u00f3n contable, fiscal y administrativa, as\u00ed como enviarle comunicaciones comerciales sobre nuestros productos y\/o servicios y realizarles encuestas [&hellip;]","og_url":"https:\/\/gshseguros.com\/home\/contacto\/","og_site_name":"GSH Seguros","article_modified_time":"2025-12-03T10:45:42+00:00","twitter_card":"summary_large_image","twitter_misc":{"Tiempo de lectura":"6 minutos"},"schema":{"@context":"https:\/\/schema.org","@graph":[{"@type":"WebPage","@id":"https:\/\/gshseguros.com\/home\/contacto\/","url":"https:\/\/gshseguros.com\/home\/contacto\/","name":"Contacto - GSH Seguros","isPartOf":{"@id":"https:\/\/gshseguros.com\/home\/#website"},"datePublished":"2018-07-02T12:33:00+00:00","dateModified":"2025-12-03T10:45:42+00:00","breadcrumb":{"@id":"https:\/\/gshseguros.com\/home\/contacto\/#breadcrumb"},"inLanguage":"es","potentialAction":[{"@type":"ReadAction","target":["https:\/\/gshseguros.com\/home\/contacto\/"]}]},{"@type":"BreadcrumbList","@id":"https:\/\/gshseguros.com\/home\/contacto\/#breadcrumb","itemListElement":[{"@type":"ListItem","position":1,"name":"Portada","item":"https:\/\/gshseguros.com\/home\/"},{"@type":"ListItem","position":2,"name":"Contacto"}]},{"@type":"WebSite","@id":"https:\/\/gshseguros.com\/home\/#website","url":"https:\/\/gshseguros.com\/home\/","name":"GSH Seguros","description":"Asesoramiento integral de todo tipo de soluciones aseguradoras","publisher":{"@id":"https:\/\/gshseguros.com\/home\/#organization"},"potentialAction":[{"@type":"SearchAction","target":{"@type":"EntryPoint","urlTemplate":"https:\/\/gshseguros.com\/home\/?s={search_term_string}"},"query-input":{"@type":"PropertyValueSpecification","valueRequired":true,"valueName":"search_term_string"}}],"inLanguage":"es"},{"@type":"Organization","@id":"https:\/\/gshseguros.com\/home\/#organization","name":"GSH SEGUROS HEXAGON","url":"https:\/\/gshseguros.com\/home\/","logo":{"@type":"ImageObject","inLanguage":"es","@id":"https:\/\/gshseguros.com\/home\/#\/schema\/logo\/image\/","url":"https:\/\/gshseguros.com\/home\/wp-content\/uploads\/2018\/09\/logo-hexagon.jpg","contentUrl":"https:\/\/gshseguros.com\/home\/wp-content\/uploads\/2018\/09\/logo-hexagon.jpg","width":6431,"height":4880,"caption":"GSH SEGUROS HEXAGON"},"image":{"@id":"https:\/\/gshseguros.com\/home\/#\/schema\/logo\/image\/"}}]}},"_links":{"self":[{"href":"https:\/\/gshseguros.com\/home\/wp-json\/wp\/v2\/pages\/217","targetHints":{"allow":["GET"]}}],"collection":[{"href":"https:\/\/gshseguros.com\/home\/wp-json\/wp\/v2\/pages"}],"about":[{"href":"https:\/\/gshseguros.com\/home\/wp-json\/wp\/v2\/types\/page"}],"author":[{"embeddable":true,"href":"https:\/\/gshseguros.com\/home\/wp-json\/wp\/v2\/users\/1"}],"replies":[{"embeddable":true,"href":"https:\/\/gshseguros.com\/home\/wp-json\/wp\/v2\/comments?post=217"}],"version-history":[{"count":34,"href":"https:\/\/gshseguros.com\/home\/wp-json\/wp\/v2\/pages\/217\/revisions"}],"predecessor-version":[{"id":1073,"href":"https:\/\/gshseguros.com\/home\/wp-json\/wp\/v2\/pages\/217\/revisions\/1073"}],"wp:attachment":[{"href":"https:\/\/gshseguros.com\/home\/wp-json\/wp\/v2\/media?parent=217"}],"curies":[{"name":"wp","href":"https:\/\/api.w.org\/{rel}","templated":true}]}}