{"id":247,"date":"2018-07-04T14:00:06","date_gmt":"2018-07-04T12:00:06","guid":{"rendered":"http:\/\/gshseguros.com\/home\/?page_id=247"},"modified":"2019-02-19T10:57:17","modified_gmt":"2019-02-19T09:57:17","slug":"soluciones","status":"publish","type":"page","link":"https:\/\/gshseguros.com\/home\/soluciones\/","title":{"rendered":"SOLUCIONES"},"content":{"rendered":"<p>[et_pb_section bb_built=\u00bb1&#8243; admin_label=\u00bbHero Section\u00bb inner_shadow=\u00bbon\u00bb fullwidth=\u00bbon\u00bb _builder_version=\u00bb3.14&#8243; background_image=\u00bbhttps:\/\/gshseguros.com\/home\/wp-content\/uploads\/2018\/06\/PAL262000028.jpg\u00bb top_divider_color=\u00bb#ffffff\u00bb bottom_divider_style=\u00bbarrow\u00bb bottom_divider_color=\u00bb#ffffff\u00bb next_background_color=\u00bb#ffffff\u00bb][et_pb_fullwidth_header title=\u00bbNUESTROS SERVICIOS\u00bb subhead=\u00bbSeguros\u00bb text_orientation=\u00bbcenter\u00bb header_fullscreen=\u00bbon\u00bb background_overlay_color=\u00bbrgba(142,130,121,0.81)\u00bb _builder_version=\u00bb3.14&#8243; title_font=\u00bbSintony|700|||||||\u00bb title_text_color=\u00bb#fcf1d6&#8243; title_font_size=\u00bb14px\u00bb title_letter_spacing=\u00bb2px\u00bb title_line_height=\u00bb1.4em\u00bb title_text_shadow_style=\u00bbpreset3&#8243; content_font=\u00bbPoppins||||||||\u00bb content_font_size=\u00bb16px\u00bb content_letter_spacing=\u00bb1px\u00bb content_line_height=\u00bb2em\u00bb subhead_font=\u00bbRufina||||||||\u00bb subhead_font_size=\u00bb48px\u00bb subhead_letter_spacing=\u00bb3px\u00bb subhead_line_height=\u00bb1.4em\u00bb subhead_text_shadow_style=\u00bbpreset3&#8243; background_color=\u00bbrgba(126,190,197,0)\u00bb background_position=\u00bbtop_center\u00bb custom_button_two=\u00bbon\u00bb button_two_border_width=\u00bb1px\u00bb button_two_border_color=\u00bbrgba(255,255,255,0.3)\u00bb button_two_border_radius=\u00bb0px\u00bb button_two_letter_spacing=\u00bb1px\u00bb button_two_font=\u00bbSaira Extra Condensed|600||on|||||\u00bb button_two_icon=\u00bb%%3%%\u00bb button_two_icon_color=\u00bb#edbb5f\u00bb button_two_text_color_hover=\u00bb#edbb5f\u00bb button_two_bg_color_hover=\u00bbrgba(0,0,0,0)\u00bb custom_button_one=\u00bbon\u00bb button_one_border_width=\u00bb1px\u00bb button_one_border_color=\u00bbrgba(255,255,255,0.3)\u00bb button_one_border_radius=\u00bb0px\u00bb button_one_letter_spacing=\u00bb1px\u00bb button_one_font=\u00bbSaira Extra Condensed|600||on|||||\u00bb button_one_icon=\u00bb%%3%%\u00bb button_one_icon_color=\u00bb#edbb5f\u00bb button_one_text_color_hover=\u00bb#edbb5f\u00bb button_one_bg_color_hover=\u00bbrgba(0,0,0,0)\u00bb module_alignment=\u00bbright\u00bb custom_margin=\u00bb-150px|||\u00bb button_one_text_size__hover_enabled=\u00bboff\u00bb button_one_text_size__hover=\u00bbnull\u00bb button_two_text_size__hover_enabled=\u00bboff\u00bb button_two_text_size__hover=\u00bbnull\u00bb button_one_text_color__hover_enabled=\u00bbon\u00bb button_one_text_color__hover=\u00bb#edbb5f\u00bb button_two_text_color__hover_enabled=\u00bbon\u00bb button_two_text_color__hover=\u00bb#edbb5f\u00bb button_one_border_width__hover_enabled=\u00bboff\u00bb button_one_border_width__hover=\u00bbnull\u00bb button_two_border_width__hover_enabled=\u00bboff\u00bb button_two_border_width__hover=\u00bbnull\u00bb button_one_border_color__hover_enabled=\u00bboff\u00bb button_one_border_color__hover=\u00bbnull\u00bb button_two_border_color__hover_enabled=\u00bboff\u00bb button_two_border_color__hover=\u00bbnull\u00bb button_one_border_radius__hover_enabled=\u00bboff\u00bb button_one_border_radius__hover=\u00bbnull\u00bb button_two_border_radius__hover_enabled=\u00bboff\u00bb button_two_border_radius__hover=\u00bbnull\u00bb button_one_letter_spacing__hover_enabled=\u00bboff\u00bb button_one_letter_spacing__hover=\u00bbnull\u00bb button_two_letter_spacing__hover_enabled=\u00bboff\u00bb button_two_letter_spacing__hover=\u00bbnull\u00bb button_one_bg_color__hover_enabled=\u00bbon\u00bb button_one_bg_color__hover=\u00bbrgba(0,0,0,0)\u00bb button_two_bg_color__hover_enabled=\u00bbon\u00bb button_two_bg_color__hover=\u00bbrgba(0,0,0,0)\u00bb]<\/p>\n<p>&nbsp;<\/p>\n<p>[\/et_pb_fullwidth_header][\/et_pb_section][et_pb_section bb_built=\u00bb1&#8243; admin_label=\u00bbProcess\u00bb _builder_version=\u00bb3.9&#8243; box_shadow_style=\u00bbpreset7&#8243; box_shadow_horizontal=\u00bb0px\u00bb box_shadow_vertical=\u00bb-80px\u00bb box_shadow_color=\u00bb#ffffff\u00bb custom_padding=\u00bb100px|0px|0px|0px\u00bb prev_background_color=\u00bb#000000&#8243; next_background_color=\u00bbrgba(255,255,255,0.1)\u00bb][et_pb_row custom_margin=\u00bb-300px|||\u00bb make_equal=\u00bbon\u00bb padding_1_tablet=\u00bb20%|10%|6%|10%\u00bb padding_2_tablet=\u00bb20%|10%|6%|10%\u00bb padding_3_tablet=\u00bb20%|10%|6%|10%\u00bb padding_1_last_edited=\u00bboff|desktop\u00bb padding_2_last_edited=\u00bboff|desktop\u00bb padding_3_last_edited=\u00bboff|desktop\u00bb _builder_version=\u00bb3.14&#8243; custom_margin_last_edited=\u00bbon|desktop\u00bb custom_css_main_element=\u00bbz-index: 9999;\u00bb][et_pb_column type=\u00bb1_3&#8243;][et_pb_blurb title=\u00bbParticulares\u00bb url=\u00bbhttps:\/\/gshseguros.com\/home\/particulares\/\u00bb use_icon=\u00bbon\u00bb font_icon=\u00bb%%258%%\u00bb icon_color=\u00bb#ffffff\u00bb use_circle=\u00bbon\u00bb content_max_width=\u00bb800px\u00bb use_icon_font_size=\u00bbon\u00bb icon_font_size=\u00bb56px\u00bb _builder_version=\u00bb3.14&#8243; header_font=\u00bbPoppins|700||on|||||\u00bb header_font_size=\u00bb20px\u00bb header_letter_spacing=\u00bb1px\u00bb header_line_height=\u00bb1.8em\u00bb body_font=\u00bbPoppins||||||||\u00bb body_letter_spacing=\u00bb1px\u00bb body_line_height=\u00bb1.8em\u00bb background_color=\u00bb#ffffff\u00bb border_style_all=\u00bbdashed\u00bb box_shadow_style=\u00bbpreset3&#8243; box_shadow_vertical=\u00bb15px\u00bb box_shadow_blur=\u00bb80px\u00bb box_shadow_color=\u00bbrgba(0,0,0,0.2)\u00bb text_orientation=\u00bbcenter\u00bb custom_margin=\u00bb|||\u00bb custom_padding=\u00bb90px|30px|90px|30px\u00bb animation_style=\u00bbslide\u00bb animation_direction=\u00bbtop\u00bb animation_delay=\u00bb200ms\u00bb animation_intensity_slide=\u00bb10%\u00bb animation=\u00bboff\u00bb locked=\u00bboff\u00bb]<\/p>\n<p>Soluciones vida y no vida para cliente individual<\/p>\n<p>[\/et_pb_blurb][\/et_pb_column][et_pb_column type=\u00bb1_3&#8243;][et_pb_blurb title=\u00bbAltos Patrimonios\u00bb url=\u00bbhttps:\/\/gshseguros.com\/home\/alta-patrimonios\/\u00bb use_icon=\u00bbon\u00bb font_icon=\u00bb%%454%%\u00bb icon_color=\u00bb#ffffff\u00bb use_circle=\u00bbon\u00bb content_max_width=\u00bb800px\u00bb use_icon_font_size=\u00bbon\u00bb icon_font_size=\u00bb56px\u00bb _builder_version=\u00bb3.14&#8243; header_font=\u00bbPoppins|700||on|||||\u00bb header_letter_spacing=\u00bb1px\u00bb header_line_height=\u00bb1.8em\u00bb body_font=\u00bbPoppins||||||||\u00bb body_letter_spacing=\u00bb1px\u00bb body_line_height=\u00bb1.8em\u00bb background_color=\u00bb#ffffff\u00bb border_style_all=\u00bbdashed\u00bb box_shadow_style=\u00bbpreset3&#8243; box_shadow_vertical=\u00bb15px\u00bb box_shadow_blur=\u00bb80px\u00bb box_shadow_color=\u00bbrgba(0,0,0,0.2)\u00bb text_orientation=\u00bbcenter\u00bb custom_margin=\u00bb|||\u00bb custom_padding=\u00bb90px|30px|90px|30px\u00bb animation_style=\u00bbslide\u00bb animation_direction=\u00bbtop\u00bb animation_delay=\u00bb200ms\u00bb animation_intensity_slide=\u00bb10%\u00bb animation=\u00bboff\u00bb locked=\u00bboff\u00bb]<\/p>\n<p>Soluciones para la gesti\u00f3n de riesgos privados<\/p>\n<p>[\/et_pb_blurb][\/et_pb_column][et_pb_column type=\u00bb1_3&#8243;][et_pb_blurb title=\u00bbPyme &#038; Empresas\u00bb url=\u00bbhttps:\/\/gshseguros.com\/home\/pyme-y-empresas\/\u00bb use_icon=\u00bbon\u00bb font_icon=\u00bb%%710%%\u00bb icon_color=\u00bb#ffffff\u00bb use_circle=\u00bbon\u00bb content_max_width=\u00bb800px\u00bb use_icon_font_size=\u00bbon\u00bb icon_font_size=\u00bb56px\u00bb _builder_version=\u00bb3.12.1&#8243; header_font=\u00bbPoppins|700||on|||||\u00bb header_letter_spacing=\u00bb1px\u00bb header_line_height=\u00bb1.8em\u00bb body_font=\u00bbPoppins||||||||\u00bb body_letter_spacing=\u00bb1px\u00bb body_line_height=\u00bb1.8em\u00bb background_color=\u00bb#ffffff\u00bb border_style_all=\u00bbdashed\u00bb box_shadow_style=\u00bbpreset3&#8243; box_shadow_vertical=\u00bb15px\u00bb box_shadow_blur=\u00bb80px\u00bb box_shadow_color=\u00bbrgba(0,0,0,0.2)\u00bb text_orientation=\u00bbcenter\u00bb custom_margin=\u00bb|||\u00bb custom_padding=\u00bb90px|30px|90px|30px\u00bb animation_style=\u00bbslide\u00bb animation_direction=\u00bbtop\u00bb animation_delay=\u00bb200ms\u00bb animation_intensity_slide=\u00bb10%\u00bb animation=\u00bboff\u00bb locked=\u00bboff\u00bb]<\/p>\n<p>Soluciones para empresas tanto en \u00e1mbito nacional como internacional<\/p>\n<p>[\/et_pb_blurb][\/et_pb_column][\/et_pb_row][\/et_pb_section][et_pb_section bb_built=\u00bb1&#8243; admin_label=\u00bbContact\u00bb _builder_version=\u00bb3.19.15&#8243; background_color=\u00bbrgba(255,255,255,0.1)\u00bb box_shadow_style=\u00bbpreset7&#8243; box_shadow_horizontal=\u00bb0px\u00bb box_shadow_vertical=\u00bb80px\u00bb box_shadow_color=\u00bb#ffffff\u00bb custom_margin=\u00bb|||\u00bb custom_padding=\u00bb0px|0px|0px|0px\u00bb prev_background_color=\u00bb#000000&#8243;][et_pb_row custom_padding=\u00bb60px|60px|60px|60px\u00bb custom_padding_phone=\u00bb|40px||40px\u00bb custom_margin=\u00bb|||\u00bb custom_padding_last_edited=\u00bbon|phone\u00bb _builder_version=\u00bb3.14&#8243; background_color=\u00bb#ffffff\u00bb box_shadow_style=\u00bbpreset3&#8243; box_shadow_vertical=\u00bb15px\u00bb box_shadow_blur=\u00bb80px\u00bb box_shadow_color=\u00bbrgba(0,0,0,0.2)\u00bb animation_style=\u00bbslide\u00bb animation_direction=\u00bbbottom\u00bb animation_duration=\u00bb1500ms\u00bb animation_delay=\u00bb200ms\u00bb animation_intensity_slide=\u00bb10%\u00bb animation_starting_opacity=\u00bb100%\u00bb][et_pb_column type=\u00bb1_2&#8243;][et_pb_image src=\u00bbhttps:\/\/gshseguros.com\/home\/wp-content\/uploads\/2018\/08\/simbolo-tejado-peq.png\u00bb _builder_version=\u00bb3.12.1&#8243;]<\/p>\n<p>&nbsp;<\/p>\n<p>[\/et_pb_image][et_pb_text _builder_version=\u00bb3.0.98&#8243; text_font=\u00bb|||on|||||\u00bb header_font=\u00bb||||||||\u00bb header_2_font=\u00bbPlayfair Display|700|||||||\u00bb header_2_font_size=\u00bb38px\u00bb header_2_letter_spacing=\u00bb1px\u00bb header_2_line_height=\u00bb1.4em\u00bb header_3_font=\u00bbPoppins|700||on|||||\u00bb header_3_text_color=\u00bb#edbb5f\u00bb header_3_font_size=\u00bb14px\u00bb header_3_letter_spacing=\u00bb1px\u00bb header_3_line_height=\u00bb2em\u00bb text_orientation=\u00bbcenter\u00bb max_width=\u00bb550px\u00bb module_alignment=\u00bbcenter\u00bb locked=\u00bboff\u00bb]<\/p>\n<h2>Contacto<\/h2>\n<p>[\/et_pb_text][et_pb_contact_form email=\u00bbsherraiz@gshseguros.com\u00bb success_message=\u00bbMensaje enviado correctamente. Muchas gracias, nos pondremos en contacto con usted a la mayor brevedad\u00bb submit_button_text=\u00bbEnviar\u00bb form_background_color=\u00bb#ffffff\u00bb module_id=\u00bbet_pb_contact_form_0&#8243; _builder_version=\u00bb3.19.15&#8243; title_level=\u00bbh2&#8243; title_font=\u00bbPlayfair Display|700||on|||||\u00bb title_text_align=\u00bbcenter\u00bb title_font_size=\u00bb38px\u00bb title_line_height=\u00bb1.4em\u00bb form_field_font=\u00bbPoppins|600||on|||||\u00bb form_field_text_color=\u00bbrgba(0,0,0,0.7)\u00bb form_field_font_size=\u00bb12px\u00bb form_field_letter_spacing=\u00bb2px\u00bb border_color_all=\u00bb#dfdfe3&#8243; border_width_bottom=\u00bb1px\u00bb custom_button=\u00bbon\u00bb button_text_color=\u00bb#ffffff\u00bb button_bg_color=\u00bb#812528&#8243; button_border_width=\u00bb0px\u00bb button_border_radius=\u00bb0px\u00bb button_letter_spacing=\u00bb1px\u00bb button_font=\u00bbSaira Extra Condensed|600||on|||||\u00bb button_icon=\u00bb%%3%%\u00bb button_letter_spacing_hover=\u00bb1px\u00bb custom_margin=\u00bb|||\u00bb custom_padding=\u00bb|||\u00bb][et_pb_contact_field field_id=\u00bbNombre\u00bb field_title=\u00bbNombre\u00bb fullwidth_field=\u00bbon\u00bb _builder_version=\u00bb3.19.15&#8243; form_field_font=\u00bb||||||||\u00bb border_radii=\u00bbon||||\u00bb custom_margin=\u00bb||20px|\u00bb custom_padding=\u00bb|||\u00bb \/][et_pb_contact_field field_id=\u00bbEmail\u00bb field_title=\u00bbDirecci\u00f3n de correo electr\u00f3nico\u00bb fullwidth_field=\u00bbon\u00bb _builder_version=\u00bb3.19.15&#8243; form_field_font=\u00bb||||||||\u00bb border_radii=\u00bbon||||\u00bb custom_margin=\u00bb||20px|\u00bb \/][et_pb_contact_field field_id=\u00bbTel\u00e9fono\u00bb field_title=\u00bbN\u00famero de tel\u00e9fono\u00bb required_mark=\u00bboff\u00bb fullwidth_field=\u00bbon\u00bb _builder_version=\u00bb3.19.15&#8243; form_field_font=\u00bb||||||||\u00bb border_radii=\u00bbon||||\u00bb custom_margin=\u00bb||20px|\u00bb \/][et_pb_contact_field field_id=\u00bbMensaje\u00bb field_title=\u00bbMensaje\u00bb field_type=\u00bbtext\u00bb fullwidth_field=\u00bbon\u00bb field_background_color=\u00bbrgba(12,12,12,0.02)\u00bb _builder_version=\u00bb3.19.15&#8243; form_field_font=\u00bb||||||||\u00bb border_radii=\u00bbon||||\u00bb border_width_all=\u00bb1px\u00bb custom_margin=\u00bb40px||20px|\u00bb \/][et_pb_contact_field _builder_version=\u00bb3.19.15&#8243; field_id=\u00bbcheckbox\u00bb field_title=\u00bbPRIVACIDAD\u00bb field_type=\u00bbcheckbox\u00bb checkbox_checked=\u00bboff\u00bb checkbox_options=\u00bb%91{%22value%22:%22ACEPTO LA POL\u00cdTICA DE PRIVACIDAD%22,%22checked%22:0}%93&#8243; radio_options=\u00bb%91{%22value%22:%22%22,%22checked%22:0}%93&#8243; select_options=\u00bb%91{%22value%22:%22%22,%22checked%22:0}%93&#8243; min_length=\u00bb0&#8243; max_length=\u00bb0&#8243; allowed_symbols=\u00bball\u00bb required_mark=\u00bbon\u00bb conditional_logic=\u00bboff\u00bb conditional_logic_relation=\u00bboff\u00bb conditional_logic_rules=\u00bb%91{%22field%22:%22nombre%22,%22condition%22:%22is%22,%22value%22:%22%22}%93&#8243; link_option_url=\u00bbhttps:\/\/gshseguros.com\/home\/aviso-legal\/\u00bb link_option_url_new_window=\u00bboff\u00bb use_background_color_gradient=\u00bboff\u00bb background_color_gradient_start=\u00bb#2b87da\u00bb background_color_gradient_end=\u00bb#29c4a9&#8243; background_color_gradient_type=\u00bblinear\u00bb background_color_gradient_direction=\u00bb180deg\u00bb background_color_gradient_direction_radial=\u00bbcenter\u00bb background_color_gradient_start_position=\u00bb0%\u00bb background_color_gradient_end_position=\u00bb100%\u00bb background_color_gradient_overlays_image=\u00bboff\u00bb parallax=\u00bboff\u00bb parallax_method=\u00bbon\u00bb background_size=\u00bbcover\u00bb background_position=\u00bbcenter\u00bb background_repeat=\u00bbno-repeat\u00bb background_blend=\u00bbnormal\u00bb allow_player_pause=\u00bboff\u00bb background_video_pause_outside_viewport=\u00bbon\u00bb fullwidth_field=\u00bboff\u00bb form_field_font=\u00bb||||||||\u00bb form_field_text_shadow_style=\u00bbnone\u00bb box_shadow_style=\u00bbnone\u00bb hover_transition_duration=\u00bb300ms\u00bb hover_transition_delay=\u00bb0ms\u00bb hover_transition_speed_curve=\u00bbease\u00bb \/][\/et_pb_contact_form][\/et_pb_column][et_pb_column type=\u00bb1_2&#8243;][et_pb_image src=\u00bbhttps:\/\/gshseguros.com\/home\/wp-content\/uploads\/2018\/06\/logo-hexagon-gsh.png\u00bb align=\u00bbcenter\u00bb _builder_version=\u00bb3.14&#8243; max_width=\u00bb40%\u00bb custom_margin=\u00bb|||\u00bb custom_padding=\u00bb|||\u00bb animation_style=\u00bbfade\u00bb]<\/p>\n<p>&nbsp;<\/p>\n<p>[\/et_pb_image][et_pb_text _builder_version=\u00bb3.9&#8243; text_font=\u00bbSintony|600||on|||||\u00bb text_font_size=\u00bb16px\u00bb text_letter_spacing=\u00bb2px\u00bb text_line_height=\u00bb2em\u00bb background_color=\u00bb#8e8279&#8243; border_color_all=\u00bb#812528&#8243; border_width_top=\u00bb8px\u00bb text_orientation=\u00bbcenter\u00bb background_layout=\u00bbdark\u00bb custom_margin=\u00bb|||\u00bb custom_padding=\u00bb60px|40px|60px|40px\u00bb custom_padding_last_edited=\u00bboff|desktop\u00bb animation_style=\u00bbflip\u00bb animation_delay=\u00bb200ms\u00bb locked=\u00bboff\u00bb]<\/p>\n<h2><strong>GESTI\u00d3N DE SEGUROS HEXAGON<\/strong><\/h2>\n<p>Calle Vel\u00e1zquez 158, 1\u00ba A<br \/>28002 Madrid<br \/><a href=\"tel:91 563 18 33\">Tel. 91 563 18 33<\/a><\/p>\n<p>[\/et_pb_text][\/et_pb_column][\/et_pb_row][et_pb_row _builder_version=\u00bb3.19.15&#8243; background_color=\u00bb#ffffff\u00bb background_color_1=\u00bb#ffffff\u00bb custom_margin=\u00bb-30px|||\u00bb custom_padding=\u00bb|30px||30px\u00bb][et_pb_column type=\u00bb4_4&#8243;][et_pb_text _builder_version=\u00bb3.19.15&#8243;]<\/p>\n<p>POL\u00cdTICA DE PRIVACIDAD Y PROTECCI\u00d3N DE DATOS<\/p>\n<p>De conformidad con el vigente Reglamento (UE) 2016\/679, informamos que los datos de car\u00e1cter personal que nos proporcione se tratar\u00e1n para contactar con usted, as\u00ed como para enviarle, en virtud del inter\u00e9s leg\u00edtimo, informaci\u00f3n comercial de nuestros productos y servicios.<\/p>\n<p>Dicho tratamiento de sus datos estar\u00e1 amparado en su propio consentimiento. Al pulsar el bot\u00f3n \u201cENVIAR\u201d, el Usuario consiente el tratamiento arriba descrito.<\/p>\n<p>Asimismo, le informamos que, salvo obligaci\u00f3n legal o consentimiento expreso por su parte, no cederemos sus datos a terceros.<\/p>\n<p>Igualmente, se informa al Usuario que en cualquier momento puede ejercitar los derechos de acceso, rectificaci\u00f3n o supresi\u00f3n de datos, as\u00ed como disponer de otros derechos reconocidos en el presente documento y regulados en el Reglamento (UE) 2016\/679, enviando un correo electr\u00f3nico con copia de su NIF a la siguiente direcci\u00f3n electr\u00f3nica: gsh@gshseguros.com. Informaci\u00f3n adicional y detallada sobre Protecci\u00f3n de Datos en nuestra p\u00e1gina web: \u00a0https:\/\/gshseguros.com<\/p>\n<p>[\/et_pb_text][\/et_pb_column][\/et_pb_row][\/et_pb_section]<\/p>\n","protected":false},"excerpt":{"rendered":"<p>&nbsp; Soluciones vida y no vida para cliente individual Soluciones para la gesti\u00f3n de riesgos privados Soluciones para empresas tanto en \u00e1mbito nacional como internacional &nbsp; Contacto &nbsp; GESTI\u00d3N DE SEGUROS HEXAGON Calle Vel\u00e1zquez 158, 1\u00ba A28002 MadridTel. 91 563 18 33 POL\u00cdTICA DE PRIVACIDAD Y PROTECCI\u00d3N DE DATOS De conformidad con el vigente Reglamento [&hellip;]<\/p>\n","protected":false},"author":1,"featured_media":0,"parent":0,"menu_order":0,"comment_status":"closed","ping_status":"closed","template":"","meta":{"_et_pb_use_builder":"on","_et_pb_old_content":"","_et_gb_content_width":"","footnotes":""},"class_list":["post-247","page","type-page","status-publish","hentry"],"yoast_head":"<!-- This site is optimized with the Yoast SEO plugin v26.5 - https:\/\/yoast.com\/wordpress\/plugins\/seo\/ -->\n<title>SOLUCIONES - GSH Seguros<\/title>\n<meta name=\"robots\" content=\"index, follow, max-snippet:-1, max-image-preview:large, max-video-preview:-1\" \/>\n<link rel=\"canonical\" href=\"https:\/\/gshseguros.com\/home\/soluciones\/\" \/>\n<meta property=\"og:locale\" content=\"es_ES\" \/>\n<meta property=\"og:type\" content=\"article\" \/>\n<meta property=\"og:title\" content=\"SOLUCIONES - GSH Seguros\" \/>\n<meta property=\"og:description\" content=\"&nbsp; Soluciones vida y no vida para cliente individual Soluciones para la gesti\u00f3n de riesgos privados Soluciones para empresas tanto en \u00e1mbito nacional como internacional &nbsp; Contacto &nbsp; GESTI\u00d3N DE SEGUROS HEXAGON Calle Vel\u00e1zquez 158, 1\u00ba A28002 MadridTel. 91 563 18 33 POL\u00cdTICA DE PRIVACIDAD Y PROTECCI\u00d3N DE DATOS De conformidad con el vigente Reglamento [&hellip;]\" \/>\n<meta property=\"og:url\" content=\"https:\/\/gshseguros.com\/home\/soluciones\/\" \/>\n<meta property=\"og:site_name\" content=\"GSH Seguros\" \/>\n<meta property=\"article:modified_time\" content=\"2019-02-19T09:57:17+00:00\" \/>\n<meta name=\"twitter:card\" content=\"summary_large_image\" \/>\n<meta name=\"twitter:label1\" content=\"Tiempo de lectura\" \/>\n\t<meta name=\"twitter:data1\" content=\"9 minutos\" \/>\n<script type=\"application\/ld+json\" class=\"yoast-schema-graph\">{\"@context\":\"https:\/\/schema.org\",\"@graph\":[{\"@type\":\"WebPage\",\"@id\":\"https:\/\/gshseguros.com\/home\/soluciones\/\",\"url\":\"https:\/\/gshseguros.com\/home\/soluciones\/\",\"name\":\"SOLUCIONES - GSH Seguros\",\"isPartOf\":{\"@id\":\"https:\/\/gshseguros.com\/home\/#website\"},\"datePublished\":\"2018-07-04T12:00:06+00:00\",\"dateModified\":\"2019-02-19T09:57:17+00:00\",\"breadcrumb\":{\"@id\":\"https:\/\/gshseguros.com\/home\/soluciones\/#breadcrumb\"},\"inLanguage\":\"es\",\"potentialAction\":[{\"@type\":\"ReadAction\",\"target\":[\"https:\/\/gshseguros.com\/home\/soluciones\/\"]}]},{\"@type\":\"BreadcrumbList\",\"@id\":\"https:\/\/gshseguros.com\/home\/soluciones\/#breadcrumb\",\"itemListElement\":[{\"@type\":\"ListItem\",\"position\":1,\"name\":\"Portada\",\"item\":\"https:\/\/gshseguros.com\/home\/\"},{\"@type\":\"ListItem\",\"position\":2,\"name\":\"SOLUCIONES\"}]},{\"@type\":\"WebSite\",\"@id\":\"https:\/\/gshseguros.com\/home\/#website\",\"url\":\"https:\/\/gshseguros.com\/home\/\",\"name\":\"GSH Seguros\",\"description\":\"Asesoramiento integral de todo tipo de soluciones aseguradoras\",\"publisher\":{\"@id\":\"https:\/\/gshseguros.com\/home\/#organization\"},\"potentialAction\":[{\"@type\":\"SearchAction\",\"target\":{\"@type\":\"EntryPoint\",\"urlTemplate\":\"https:\/\/gshseguros.com\/home\/?s={search_term_string}\"},\"query-input\":{\"@type\":\"PropertyValueSpecification\",\"valueRequired\":true,\"valueName\":\"search_term_string\"}}],\"inLanguage\":\"es\"},{\"@type\":\"Organization\",\"@id\":\"https:\/\/gshseguros.com\/home\/#organization\",\"name\":\"GSH SEGUROS HEXAGON\",\"url\":\"https:\/\/gshseguros.com\/home\/\",\"logo\":{\"@type\":\"ImageObject\",\"inLanguage\":\"es\",\"@id\":\"https:\/\/gshseguros.com\/home\/#\/schema\/logo\/image\/\",\"url\":\"https:\/\/gshseguros.com\/home\/wp-content\/uploads\/2018\/09\/logo-hexagon.jpg\",\"contentUrl\":\"https:\/\/gshseguros.com\/home\/wp-content\/uploads\/2018\/09\/logo-hexagon.jpg\",\"width\":6431,\"height\":4880,\"caption\":\"GSH SEGUROS HEXAGON\"},\"image\":{\"@id\":\"https:\/\/gshseguros.com\/home\/#\/schema\/logo\/image\/\"}}]}<\/script>\n<!-- \/ Yoast SEO plugin. -->","yoast_head_json":{"title":"SOLUCIONES - GSH Seguros","robots":{"index":"index","follow":"follow","max-snippet":"max-snippet:-1","max-image-preview":"max-image-preview:large","max-video-preview":"max-video-preview:-1"},"canonical":"https:\/\/gshseguros.com\/home\/soluciones\/","og_locale":"es_ES","og_type":"article","og_title":"SOLUCIONES - GSH Seguros","og_description":"&nbsp; Soluciones vida y no vida para cliente individual Soluciones para la gesti\u00f3n de riesgos privados Soluciones para empresas tanto en \u00e1mbito nacional como internacional &nbsp; Contacto &nbsp; GESTI\u00d3N DE SEGUROS HEXAGON Calle Vel\u00e1zquez 158, 1\u00ba A28002 MadridTel. 91 563 18 33 POL\u00cdTICA DE PRIVACIDAD Y PROTECCI\u00d3N DE DATOS De conformidad con el vigente Reglamento [&hellip;]","og_url":"https:\/\/gshseguros.com\/home\/soluciones\/","og_site_name":"GSH Seguros","article_modified_time":"2019-02-19T09:57:17+00:00","twitter_card":"summary_large_image","twitter_misc":{"Tiempo de lectura":"9 minutos"},"schema":{"@context":"https:\/\/schema.org","@graph":[{"@type":"WebPage","@id":"https:\/\/gshseguros.com\/home\/soluciones\/","url":"https:\/\/gshseguros.com\/home\/soluciones\/","name":"SOLUCIONES - GSH Seguros","isPartOf":{"@id":"https:\/\/gshseguros.com\/home\/#website"},"datePublished":"2018-07-04T12:00:06+00:00","dateModified":"2019-02-19T09:57:17+00:00","breadcrumb":{"@id":"https:\/\/gshseguros.com\/home\/soluciones\/#breadcrumb"},"inLanguage":"es","potentialAction":[{"@type":"ReadAction","target":["https:\/\/gshseguros.com\/home\/soluciones\/"]}]},{"@type":"BreadcrumbList","@id":"https:\/\/gshseguros.com\/home\/soluciones\/#breadcrumb","itemListElement":[{"@type":"ListItem","position":1,"name":"Portada","item":"https:\/\/gshseguros.com\/home\/"},{"@type":"ListItem","position":2,"name":"SOLUCIONES"}]},{"@type":"WebSite","@id":"https:\/\/gshseguros.com\/home\/#website","url":"https:\/\/gshseguros.com\/home\/","name":"GSH Seguros","description":"Asesoramiento integral de todo tipo de soluciones aseguradoras","publisher":{"@id":"https:\/\/gshseguros.com\/home\/#organization"},"potentialAction":[{"@type":"SearchAction","target":{"@type":"EntryPoint","urlTemplate":"https:\/\/gshseguros.com\/home\/?s={search_term_string}"},"query-input":{"@type":"PropertyValueSpecification","valueRequired":true,"valueName":"search_term_string"}}],"inLanguage":"es"},{"@type":"Organization","@id":"https:\/\/gshseguros.com\/home\/#organization","name":"GSH SEGUROS HEXAGON","url":"https:\/\/gshseguros.com\/home\/","logo":{"@type":"ImageObject","inLanguage":"es","@id":"https:\/\/gshseguros.com\/home\/#\/schema\/logo\/image\/","url":"https:\/\/gshseguros.com\/home\/wp-content\/uploads\/2018\/09\/logo-hexagon.jpg","contentUrl":"https:\/\/gshseguros.com\/home\/wp-content\/uploads\/2018\/09\/logo-hexagon.jpg","width":6431,"height":4880,"caption":"GSH SEGUROS HEXAGON"},"image":{"@id":"https:\/\/gshseguros.com\/home\/#\/schema\/logo\/image\/"}}]}},"_links":{"self":[{"href":"https:\/\/gshseguros.com\/home\/wp-json\/wp\/v2\/pages\/247","targetHints":{"allow":["GET"]}}],"collection":[{"href":"https:\/\/gshseguros.com\/home\/wp-json\/wp\/v2\/pages"}],"about":[{"href":"https:\/\/gshseguros.com\/home\/wp-json\/wp\/v2\/types\/page"}],"author":[{"embeddable":true,"href":"https:\/\/gshseguros.com\/home\/wp-json\/wp\/v2\/users\/1"}],"replies":[{"embeddable":true,"href":"https:\/\/gshseguros.com\/home\/wp-json\/wp\/v2\/comments?post=247"}],"version-history":[{"count":30,"href":"https:\/\/gshseguros.com\/home\/wp-json\/wp\/v2\/pages\/247\/revisions"}],"predecessor-version":[{"id":890,"href":"https:\/\/gshseguros.com\/home\/wp-json\/wp\/v2\/pages\/247\/revisions\/890"}],"wp:attachment":[{"href":"https:\/\/gshseguros.com\/home\/wp-json\/wp\/v2\/media?parent=247"}],"curies":[{"name":"wp","href":"https:\/\/api.w.org\/{rel}","templated":true}]}}