{"id":495,"date":"2018-07-25T14:14:58","date_gmt":"2018-07-25T12:14:58","guid":{"rendered":"http:\/\/gshseguros.com\/home\/?page_id=495"},"modified":"2023-02-13T11:29:49","modified_gmt":"2023-02-13T10:29:49","slug":"seguro-de-accidentes","status":"publish","type":"page","link":"https:\/\/gshseguros.com\/home\/seguro-de-accidentes\/","title":{"rendered":"Seguro de accidentes"},"content":{"rendered":"<p>[et_pb_section fb_built=\u00bb1&#8243; admin_label=\u00bbsection\u00bb _builder_version=\u00bb4.16&#8243; global_colors_info=\u00bb{}\u00bb][et_pb_row admin_label=\u00bbrow\u00bb _builder_version=\u00bb4.16&#8243; background_size=\u00bbinitial\u00bb background_position=\u00bbtop_left\u00bb background_repeat=\u00bbrepeat\u00bb global_colors_info=\u00bb{}\u00bb][et_pb_column type=\u00bb4_4&#8243; _builder_version=\u00bb4.16&#8243; custom_padding=\u00bb|||\u00bb global_colors_info=\u00bb{}\u00bb custom_padding__hover=\u00bb|||\u00bb][et_pb_text admin_label=\u00bbText\u00bb _builder_version=\u00bb4.19.5&#8243; background_size=\u00bbinitial\u00bb background_position=\u00bbtop_left\u00bb background_repeat=\u00bbrepeat\u00bb global_colors_info=\u00bb{}\u00bb]<\/p>\n\n<div class=\"wpcf7 no-js\" id=\"wpcf7-f494-o1\" lang=\"es-ES\" dir=\"ltr\" data-wpcf7-id=\"494\">\n<div class=\"screen-reader-response\"><p role=\"status\" aria-live=\"polite\" aria-atomic=\"true\"><\/p> <ul><\/ul><\/div>\n<form action=\"\/home\/wp-json\/wp\/v2\/pages\/495#wpcf7-f494-o1\" method=\"post\" class=\"wpcf7-form init\" aria-label=\"Formulario de contacto\" novalidate=\"novalidate\" data-status=\"init\">\n<fieldset class=\"hidden-fields-container\"><input type=\"hidden\" name=\"_wpcf7\" value=\"494\" \/><input type=\"hidden\" name=\"_wpcf7_version\" value=\"6.1.4\" \/><input type=\"hidden\" name=\"_wpcf7_locale\" value=\"es_ES\" \/><input type=\"hidden\" name=\"_wpcf7_unit_tag\" value=\"wpcf7-f494-o1\" \/><input type=\"hidden\" name=\"_wpcf7_container_post\" value=\"0\" \/><input type=\"hidden\" name=\"_wpcf7_posted_data_hash\" value=\"\" \/>\n<\/fieldset>\n<p><div class='one_half'>\n\t\t\t\t\t<\/p>\n<h3>Datos personales\n<\/h3>\n<p>Nombre\n<span class=\"wpcf7-form-control-wrap\" data-name=\"your-name\"><input size=\"40\" maxlength=\"400\" class=\"wpcf7-form-control wpcf7-text wpcf7-validates-as-required\" aria-required=\"true\" aria-invalid=\"false\" value=\"\" type=\"text\" name=\"your-name\" \/><\/span>\n<\/p>\n<p>Apellidos\n<span class=\"wpcf7-form-control-wrap\" data-name=\"Apellidos\"><input size=\"40\" maxlength=\"400\" class=\"wpcf7-form-control wpcf7-text wpcf7-validates-as-required\" aria-required=\"true\" aria-invalid=\"false\" value=\"\" type=\"text\" name=\"Apellidos\" \/><\/span>\n<\/p>\n<p>Email (requerido)\n<span class=\"wpcf7-form-control-wrap\" data-name=\"your-email\"><input size=\"40\" maxlength=\"400\" class=\"wpcf7-form-control wpcf7-email wpcf7-validates-as-required wpcf7-text wpcf7-validates-as-email\" aria-required=\"true\" aria-invalid=\"false\" value=\"\" type=\"email\" name=\"your-email\" \/><\/span>\n<\/p>\n<p>Fecha de Nacimiento\n<span class=\"wpcf7-form-control-wrap\" data-name=\"fecha\"><input class=\"wpcf7-form-control wpcf7-date wpcf7-validates-as-required wpcf7-validates-as-date\" aria-required=\"true\" aria-invalid=\"false\" value=\"\" type=\"date\" name=\"fecha\" \/><\/span>\n<\/p>\n<p>Direcci\u00f3n\n<span class=\"wpcf7-form-control-wrap\" data-name=\"direccion\"><input size=\"40\" maxlength=\"400\" class=\"wpcf7-form-control wpcf7-text\" aria-invalid=\"false\" value=\"\" type=\"text\" name=\"direccion\" \/><\/span>\n<\/p>\n<p>Localidad\n<span class=\"wpcf7-form-control-wrap\" data-name=\"Localidad\"><input size=\"40\" maxlength=\"400\" class=\"wpcf7-form-control wpcf7-text\" aria-invalid=\"false\" value=\"\" type=\"text\" name=\"Localidad\" \/><\/span>\n<\/p>\n<p>C\u00f3digo Postal\n<span class=\"wpcf7-form-control-wrap\" data-name=\"CdigoPostal\"><input size=\"40\" maxlength=\"400\" class=\"wpcf7-form-control wpcf7-text wpcf7-validates-as-required\" aria-required=\"true\" aria-invalid=\"false\" value=\"\" type=\"text\" name=\"CdigoPostal\" \/><\/span>\n<\/p>\n<p>DNI\n<span class=\"wpcf7-form-control-wrap\" data-name=\"text-320\"><input size=\"40\" maxlength=\"400\" class=\"wpcf7-form-control wpcf7-text wpcf7-validates-as-required\" aria-required=\"true\" aria-invalid=\"false\" value=\"\" type=\"text\" name=\"text-320\" \/><\/span>\n<\/p>\n<p>Tel\u00e9fono\n<span class=\"wpcf7-form-control-wrap\" data-name=\"telefono\"><input size=\"40\" maxlength=\"400\" class=\"wpcf7-form-control wpcf7-tel wpcf7-validates-as-required wpcf7-text wpcf7-validates-as-tel\" aria-required=\"true\" aria-invalid=\"false\" value=\"\" type=\"tel\" name=\"telefono\" \/><\/span>\n<\/p>\n<p>Profesi\u00f3n\n<span class=\"wpcf7-form-control-wrap\" data-name=\"profesion\"><input size=\"40\" maxlength=\"400\" class=\"wpcf7-form-control wpcf7-text wpcf7-validates-as-required\" aria-required=\"true\" aria-invalid=\"false\" value=\"\" type=\"text\" name=\"profesion\" \/><\/span>\n<\/p>\n<p>Si practica alg\u00fan deporte, indique cual\/es\n<span class=\"wpcf7-form-control-wrap\" data-name=\"deporte\"><input size=\"40\" maxlength=\"400\" class=\"wpcf7-form-control wpcf7-text wpcf7-validates-as-required\" aria-required=\"true\" aria-invalid=\"false\" value=\"\" type=\"text\" name=\"deporte\" \/><\/span>\n<\/p>\n<p>Capital a asegurar (en \u20ac)\n<span class=\"wpcf7-form-control-wrap\" data-name=\"capitalaasegurar\"><input size=\"40\" maxlength=\"400\" class=\"wpcf7-form-control wpcf7-text\" aria-invalid=\"false\" value=\"\" type=\"text\" name=\"capitalaasegurar\" \/><\/span>\n<\/p>\n\t\t\t\t<\/div><div class='one_half et_column_last'>\n\t\t\t\t\t<\/p>\n<h3>Garant\u00edas\n<\/h3>\n<p><span class=\"wpcf7-form-control-wrap\" data-name=\"checkbox-968\"><span class=\"wpcf7-form-control wpcf7-checkbox\"><span class=\"wpcf7-list-item first\"><input type=\"checkbox\" name=\"checkbox-968[]\" value=\"Fallecimiento\" \/><span class=\"wpcf7-list-item-label\">Fallecimiento<\/span><\/span><span class=\"wpcf7-list-item last\"><input type=\"checkbox\" name=\"checkbox-968[]\" value=\"Invalidez absoluta y permanente\" \/><span class=\"wpcf7-list-item-label\">Invalidez absoluta y permanente<\/span><\/span><\/span><\/span>\n<\/p>\n<p>Comentarios adicionales\n<span class=\"wpcf7-form-control-wrap\" data-name=\"comentarios-adicionales\"><textarea cols=\"40\" rows=\"10\" maxlength=\"2000\" class=\"wpcf7-form-control wpcf7-textarea\" aria-invalid=\"false\" name=\"comentarios-adicionales\"><\/textarea><\/span>\n<\/p>\n<p><span class=\"wpcf7-form-control-wrap\" data-name=\"acceptance-165\"><span class=\"wpcf7-form-control wpcf7-acceptance\"><span class=\"wpcf7-list-item\"><label><input type=\"checkbox\" name=\"acceptance-165\" value=\"1\" aria-invalid=\"false\" \/><span class=\"wpcf7-list-item-label\">Acepto la <a href=\"http:\/\/gshseguros.com\/home\/politica-privacidad\/\" target=\"blank\">pol\u00edtica de privacidad<\/span><\/label><\/span><\/span><\/span>\n<\/p>\n<p><input class=\"wpcf7-form-control wpcf7-submit has-spinner\" type=\"submit\" value=\"Enviar\" \/>\n\t\t\t\t<\/div><div class='clear'><\/div>\n<\/p><div class=\"wpcf7-response-output\" aria-hidden=\"true\"><\/div>\n<\/form>\n<\/div>\n\n<p>[\/et_pb_text][et_pb_text _builder_version=\u00bb4.19.5&#8243; global_colors_info=\u00bb{}\u00bb global_module=\u00bb1021&#8243; theme_builder_area=\u00bbpost_content\u00bb]<\/p>\n<p><strong>INFORMACION BASICA SOBRE PROTECCION DE DATOS PERSONALES<\/strong><\/p>\n<ul>\n<li><strong>Responsable:<\/strong> GESTION DE SEGUROS HEXAGON, S.L.<\/li>\n<li><strong>Finalidad:<\/strong> Prestar los servicios solicitados y realizar la gesti\u00f3n contable, fiscal y administrativa, as\u00ed como enviarle comunicaciones comerciales sobre nuestros productos y\/o servicios y realizarles encuestas de satisfacci\u00f3n.<\/li>\n<li><strong>Legitimaci\u00f3n:<\/strong> su propio consentimiento, el inter\u00e9s leg\u00edtimo.<\/li>\n<li><strong>Destinatario:<\/strong> no cederemos sus datos a terceros, salvo obligaci\u00f3n legal.<\/li>\n<li><strong>Derechos:<\/strong> puede ejercitar los derechos de acceso, rectificaci\u00f3n o supresi\u00f3n de datos, as\u00ed como disponer de otros derechos en <a href=\"mailto:gsh@gshseguros.com\">gsh@gshseguros.com<\/a><\/li>\n<\/ul>\n<p>As\u00ed mismo, le informamos que si no desea recibir informaci\u00f3n comercial de nuestros productos y servicios nos lo comunique en el cuerpo del mensaje (en el formulario anterior) o nos escriba a la direcci\u00f3n electr\u00f3nica se\u00f1alada en el p\u00e1rrafo anterior.<\/p>\n<p>Informaci\u00f3n adicional: <a href=\"https:\/\/gshseguros.com\/home\/politica-privacidad\/\">www.gshseguros.com<\/a><\/p>\n<p>[\/et_pb_text][\/et_pb_column][\/et_pb_row][\/et_pb_section]<\/p>\n","protected":false},"excerpt":{"rendered":"<p>\n<div class=\"wpcf7 no-js\" id=\"wpcf7-f494-o2\" lang=\"es-ES\" dir=\"ltr\" data-wpcf7-id=\"494\">\n<div class=\"screen-reader-response\"><p role=\"status\" aria-live=\"polite\" aria-atomic=\"true\"><\/p> <ul><\/ul><\/div>\n<form action=\"\/home\/wp-json\/wp\/v2\/pages\/495#wpcf7-f494-o2\" method=\"post\" class=\"wpcf7-form init\" aria-label=\"Formulario de contacto\" novalidate=\"novalidate\" data-status=\"init\">\n<fieldset class=\"hidden-fields-container\"><input type=\"hidden\" name=\"_wpcf7\" value=\"494\" \/><input type=\"hidden\" name=\"_wpcf7_version\" value=\"6.1.4\" \/><input type=\"hidden\" name=\"_wpcf7_locale\" value=\"es_ES\" \/><input type=\"hidden\" name=\"_wpcf7_unit_tag\" value=\"wpcf7-f494-o2\" \/><input type=\"hidden\" name=\"_wpcf7_container_post\" value=\"0\" \/><input type=\"hidden\" name=\"_wpcf7_posted_data_hash\" value=\"\" \/>\n<\/fieldset>\n<p><div class='one_half'>\n\t\t\t\t\t<\/p>\n<h3>Datos personales\n<\/h3>\n<p>Nombre\n<span class=\"wpcf7-form-control-wrap\" data-name=\"your-name\"><input size=\"40\" maxlength=\"400\" class=\"wpcf7-form-control wpcf7-text wpcf7-validates-as-required\" aria-required=\"true\" aria-invalid=\"false\" value=\"\" type=\"text\" name=\"your-name\" \/><\/span>\n<\/p>\n<p>Apellidos\n<span class=\"wpcf7-form-control-wrap\" data-name=\"Apellidos\"><input size=\"40\" maxlength=\"400\" class=\"wpcf7-form-control wpcf7-text wpcf7-validates-as-required\" aria-required=\"true\" aria-invalid=\"false\" value=\"\" type=\"text\" name=\"Apellidos\" \/><\/span>\n<\/p>\n<p>Email (requerido)\n<span class=\"wpcf7-form-control-wrap\" data-name=\"your-email\"><input size=\"40\" maxlength=\"400\" class=\"wpcf7-form-control wpcf7-email wpcf7-validates-as-required wpcf7-text wpcf7-validates-as-email\" aria-required=\"true\" aria-invalid=\"false\" value=\"\" type=\"email\" name=\"your-email\" \/><\/span>\n<\/p>\n<p>Fecha de Nacimiento\n<span class=\"wpcf7-form-control-wrap\" data-name=\"fecha\"><input class=\"wpcf7-form-control wpcf7-date wpcf7-validates-as-required wpcf7-validates-as-date\" aria-required=\"true\" aria-invalid=\"false\" value=\"\" type=\"date\" name=\"fecha\" \/><\/span>\n<\/p>\n<p>Direcci\u00f3n\n<span class=\"wpcf7-form-control-wrap\" data-name=\"direccion\"><input size=\"40\" maxlength=\"400\" class=\"wpcf7-form-control wpcf7-text\" aria-invalid=\"false\" value=\"\" type=\"text\" name=\"direccion\" \/><\/span>\n<\/p>\n<p>Localidad\n<span class=\"wpcf7-form-control-wrap\" data-name=\"Localidad\"><input size=\"40\" maxlength=\"400\" class=\"wpcf7-form-control wpcf7-text\" aria-invalid=\"false\" value=\"\" type=\"text\" name=\"Localidad\" \/><\/span>\n<\/p>\n<p>C\u00f3digo Postal\n<span class=\"wpcf7-form-control-wrap\" data-name=\"CdigoPostal\"><input size=\"40\" maxlength=\"400\" class=\"wpcf7-form-control wpcf7-text wpcf7-validates-as-required\" aria-required=\"true\" aria-invalid=\"false\" value=\"\" type=\"text\" name=\"CdigoPostal\" \/><\/span>\n<\/p>\n<p>DNI\n<span class=\"wpcf7-form-control-wrap\" data-name=\"text-320\"><input size=\"40\" maxlength=\"400\" class=\"wpcf7-form-control wpcf7-text wpcf7-validates-as-required\" aria-required=\"true\" aria-invalid=\"false\" value=\"\" type=\"text\" name=\"text-320\" \/><\/span>\n<\/p>\n<p>Tel\u00e9fono\n<span class=\"wpcf7-form-control-wrap\" data-name=\"telefono\"><input size=\"40\" maxlength=\"400\" class=\"wpcf7-form-control wpcf7-tel wpcf7-validates-as-required wpcf7-text wpcf7-validates-as-tel\" aria-required=\"true\" aria-invalid=\"false\" value=\"\" type=\"tel\" name=\"telefono\" \/><\/span>\n<\/p>\n<p>Profesi\u00f3n\n<span class=\"wpcf7-form-control-wrap\" data-name=\"profesion\"><input size=\"40\" maxlength=\"400\" class=\"wpcf7-form-control wpcf7-text wpcf7-validates-as-required\" aria-required=\"true\" aria-invalid=\"false\" value=\"\" type=\"text\" name=\"profesion\" \/><\/span>\n<\/p>\n<p>Si practica alg\u00fan deporte, indique cual\/es\n<span class=\"wpcf7-form-control-wrap\" data-name=\"deporte\"><input size=\"40\" maxlength=\"400\" class=\"wpcf7-form-control wpcf7-text wpcf7-validates-as-required\" aria-required=\"true\" aria-invalid=\"false\" value=\"\" type=\"text\" name=\"deporte\" \/><\/span>\n<\/p>\n<p>Capital a asegurar (en \u20ac)\n<span class=\"wpcf7-form-control-wrap\" data-name=\"capitalaasegurar\"><input size=\"40\" maxlength=\"400\" class=\"wpcf7-form-control wpcf7-text\" aria-invalid=\"false\" value=\"\" type=\"text\" name=\"capitalaasegurar\" \/><\/span>\n<\/p>\n\t\t\t\t<\/div><div class='one_half et_column_last'>\n\t\t\t\t\t<\/p>\n<h3>Garant\u00edas\n<\/h3>\n<p><span class=\"wpcf7-form-control-wrap\" data-name=\"checkbox-968\"><span class=\"wpcf7-form-control wpcf7-checkbox\"><span class=\"wpcf7-list-item first\"><input type=\"checkbox\" name=\"checkbox-968[]\" value=\"Fallecimiento\" \/><span class=\"wpcf7-list-item-label\">Fallecimiento<\/span><\/span><span class=\"wpcf7-list-item last\"><input type=\"checkbox\" name=\"checkbox-968[]\" value=\"Invalidez absoluta y permanente\" \/><span class=\"wpcf7-list-item-label\">Invalidez absoluta y permanente<\/span><\/span><\/span><\/span>\n<\/p>\n<p>Comentarios adicionales\n<span class=\"wpcf7-form-control-wrap\" data-name=\"comentarios-adicionales\"><textarea cols=\"40\" rows=\"10\" maxlength=\"2000\" class=\"wpcf7-form-control wpcf7-textarea\" aria-invalid=\"false\" name=\"comentarios-adicionales\"><\/textarea><\/span>\n<\/p>\n<p><span class=\"wpcf7-form-control-wrap\" data-name=\"acceptance-165\"><span class=\"wpcf7-form-control wpcf7-acceptance\"><span class=\"wpcf7-list-item\"><label><input type=\"checkbox\" name=\"acceptance-165\" value=\"1\" aria-invalid=\"false\" \/><span class=\"wpcf7-list-item-label\">Acepto la <a href=\"http:\/\/gshseguros.com\/home\/politica-privacidad\/\" target=\"blank\">pol\u00edtica de privacidad<\/span><\/label><\/span><\/span><\/span>\n<\/p>\n<p><input class=\"wpcf7-form-control wpcf7-submit has-spinner\" type=\"submit\" value=\"Enviar\" \/>\n\t\t\t\t<\/div><div class='clear'><\/div>\n<\/p><div class=\"wpcf7-response-output\" aria-hidden=\"true\"><\/div>\n<\/form>\n<\/div>\nINFORMACION BASICA SOBRE PROTECCION DE DATOS PERSONALES Responsable: GESTION DE SEGUROS HEXAGON, S.L. Finalidad: Prestar los servicios solicitados y realizar la gesti\u00f3n contable, fiscal y administrativa, as\u00ed como enviarle comunicaciones comerciales sobre nuestros productos y\/o servicios y realizarles encuestas de satisfacci\u00f3n. Legitimaci\u00f3n: su propio consentimiento, el inter\u00e9s leg\u00edtimo. Destinatario: no cederemos [&hellip;]<\/p>\n","protected":false},"author":1,"featured_media":0,"parent":0,"menu_order":0,"comment_status":"closed","ping_status":"closed","template":"","meta":{"_et_pb_use_builder":"on","_et_pb_old_content":"[contact-form-7 id=\"494\" title=\"Seguro de accidentes\"]\r\n\r\n\u00a0\r\n\r\nPOL\u00cdTICA DE PRIVACIDAD Y PROTECCI\u00d3N DE DATOS\r\n\r\n<span style=\"color: #a1978a;\">De conformidad con el vigente Reglamento (UE) 2016\/679, informamos que los datos de car\u00e1cter personal que nos proporcione se tratar\u00e1n para contactar con usted, as\u00ed como para enviarle, en virtud del inter\u00e9s leg\u00edtimo, informaci\u00f3n comercial de nuestros productos y servicios.<\/span>\r\n\r\n<span style=\"color: #a1978a;\">Dicho tratamiento de sus datos estar\u00e1 amparado en su propio consentimiento. Al pulsar el bot\u00f3n \u201cENVIAR\u201d, el Usuario consiente el tratamiento arriba descrito.<\/span>\r\n\r\n<span style=\"color: #a1978a;\">Asimismo, le informamos que, salvo obligaci\u00f3n legal o consentimiento expreso por su parte, no cederemos sus datos a terceros.<\/span>\r\n\r\n<span style=\"color: #a1978a;\">Igualmente, se informa al Usuario que en cualquier momento puede ejercitar los derechos de acceso, rectificaci\u00f3n o supresi\u00f3n de datos, as\u00ed como disponer de otros derechos reconocidos en el presente documento y regulados en el Reglamento (UE) 2016\/679, enviando un correo electr\u00f3nico con copia de su NIF a la siguiente direcci\u00f3n electr\u00f3nica: gsh@gshseguros.com.Informaci\u00f3n adicional y detallada sobre Protecci\u00f3n de Datos en nuestra p\u00e1gina web: \u00a0https:\/\/gshseguros.com<\/span>","_et_gb_content_width":"","footnotes":""},"class_list":["post-495","page","type-page","status-publish","hentry"],"yoast_head":"<!-- This site is optimized with the Yoast SEO plugin v26.5 - https:\/\/yoast.com\/wordpress\/plugins\/seo\/ -->\n<title>Seguro de accidentes - GSH Seguros<\/title>\n<meta name=\"robots\" content=\"index, follow, max-snippet:-1, max-image-preview:large, max-video-preview:-1\" \/>\n<link rel=\"canonical\" href=\"https:\/\/gshseguros.com\/home\/seguro-de-accidentes\/\" \/>\n<meta property=\"og:locale\" content=\"es_ES\" \/>\n<meta property=\"og:type\" content=\"article\" \/>\n<meta property=\"og:title\" content=\"Seguro de accidentes - GSH Seguros\" \/>\n<meta property=\"og:description\" content=\"INFORMACION BASICA SOBRE PROTECCION DE DATOS PERSONALES Responsable: GESTION DE SEGUROS HEXAGON, S.L. Finalidad: Prestar los servicios solicitados y realizar la gesti\u00f3n contable, fiscal y administrativa, as\u00ed como enviarle comunicaciones comerciales sobre nuestros productos y\/o servicios y realizarles encuestas de satisfacci\u00f3n. Legitimaci\u00f3n: su propio consentimiento, el inter\u00e9s leg\u00edtimo. Destinatario: no cederemos [&hellip;]\" \/>\n<meta property=\"og:url\" content=\"https:\/\/gshseguros.com\/home\/seguro-de-accidentes\/\" \/>\n<meta property=\"og:site_name\" content=\"GSH Seguros\" \/>\n<meta property=\"article:modified_time\" content=\"2023-02-13T10:29:49+00:00\" \/>\n<meta name=\"twitter:card\" content=\"summary_large_image\" \/>\n<meta name=\"twitter:label1\" content=\"Tiempo de lectura\" \/>\n\t<meta name=\"twitter:data1\" content=\"1 minuto\" \/>\n<script type=\"application\/ld+json\" class=\"yoast-schema-graph\">{\"@context\":\"https:\/\/schema.org\",\"@graph\":[{\"@type\":\"WebPage\",\"@id\":\"https:\/\/gshseguros.com\/home\/seguro-de-accidentes\/\",\"url\":\"https:\/\/gshseguros.com\/home\/seguro-de-accidentes\/\",\"name\":\"Seguro de accidentes - GSH Seguros\",\"isPartOf\":{\"@id\":\"https:\/\/gshseguros.com\/home\/#website\"},\"datePublished\":\"2018-07-25T12:14:58+00:00\",\"dateModified\":\"2023-02-13T10:29:49+00:00\",\"breadcrumb\":{\"@id\":\"https:\/\/gshseguros.com\/home\/seguro-de-accidentes\/#breadcrumb\"},\"inLanguage\":\"es\",\"potentialAction\":[{\"@type\":\"ReadAction\",\"target\":[\"https:\/\/gshseguros.com\/home\/seguro-de-accidentes\/\"]}]},{\"@type\":\"BreadcrumbList\",\"@id\":\"https:\/\/gshseguros.com\/home\/seguro-de-accidentes\/#breadcrumb\",\"itemListElement\":[{\"@type\":\"ListItem\",\"position\":1,\"name\":\"Portada\",\"item\":\"https:\/\/gshseguros.com\/home\/\"},{\"@type\":\"ListItem\",\"position\":2,\"name\":\"Seguro de accidentes\"}]},{\"@type\":\"WebSite\",\"@id\":\"https:\/\/gshseguros.com\/home\/#website\",\"url\":\"https:\/\/gshseguros.com\/home\/\",\"name\":\"GSH Seguros\",\"description\":\"Asesoramiento integral de todo tipo de soluciones aseguradoras\",\"publisher\":{\"@id\":\"https:\/\/gshseguros.com\/home\/#organization\"},\"potentialAction\":[{\"@type\":\"SearchAction\",\"target\":{\"@type\":\"EntryPoint\",\"urlTemplate\":\"https:\/\/gshseguros.com\/home\/?s={search_term_string}\"},\"query-input\":{\"@type\":\"PropertyValueSpecification\",\"valueRequired\":true,\"valueName\":\"search_term_string\"}}],\"inLanguage\":\"es\"},{\"@type\":\"Organization\",\"@id\":\"https:\/\/gshseguros.com\/home\/#organization\",\"name\":\"GSH SEGUROS HEXAGON\",\"url\":\"https:\/\/gshseguros.com\/home\/\",\"logo\":{\"@type\":\"ImageObject\",\"inLanguage\":\"es\",\"@id\":\"https:\/\/gshseguros.com\/home\/#\/schema\/logo\/image\/\",\"url\":\"https:\/\/gshseguros.com\/home\/wp-content\/uploads\/2018\/09\/logo-hexagon.jpg\",\"contentUrl\":\"https:\/\/gshseguros.com\/home\/wp-content\/uploads\/2018\/09\/logo-hexagon.jpg\",\"width\":6431,\"height\":4880,\"caption\":\"GSH SEGUROS HEXAGON\"},\"image\":{\"@id\":\"https:\/\/gshseguros.com\/home\/#\/schema\/logo\/image\/\"}}]}<\/script>\n<!-- \/ Yoast SEO plugin. -->","yoast_head_json":{"title":"Seguro de accidentes - GSH Seguros","robots":{"index":"index","follow":"follow","max-snippet":"max-snippet:-1","max-image-preview":"max-image-preview:large","max-video-preview":"max-video-preview:-1"},"canonical":"https:\/\/gshseguros.com\/home\/seguro-de-accidentes\/","og_locale":"es_ES","og_type":"article","og_title":"Seguro de accidentes - GSH Seguros","og_description":"INFORMACION BASICA SOBRE PROTECCION DE DATOS PERSONALES Responsable: GESTION DE SEGUROS HEXAGON, S.L. Finalidad: Prestar los servicios solicitados y realizar la gesti\u00f3n contable, fiscal y administrativa, as\u00ed como enviarle comunicaciones comerciales sobre nuestros productos y\/o servicios y realizarles encuestas de satisfacci\u00f3n. Legitimaci\u00f3n: su propio consentimiento, el inter\u00e9s leg\u00edtimo. Destinatario: no cederemos [&hellip;]","og_url":"https:\/\/gshseguros.com\/home\/seguro-de-accidentes\/","og_site_name":"GSH Seguros","article_modified_time":"2023-02-13T10:29:49+00:00","twitter_card":"summary_large_image","twitter_misc":{"Tiempo de lectura":"1 minuto"},"schema":{"@context":"https:\/\/schema.org","@graph":[{"@type":"WebPage","@id":"https:\/\/gshseguros.com\/home\/seguro-de-accidentes\/","url":"https:\/\/gshseguros.com\/home\/seguro-de-accidentes\/","name":"Seguro de accidentes - GSH Seguros","isPartOf":{"@id":"https:\/\/gshseguros.com\/home\/#website"},"datePublished":"2018-07-25T12:14:58+00:00","dateModified":"2023-02-13T10:29:49+00:00","breadcrumb":{"@id":"https:\/\/gshseguros.com\/home\/seguro-de-accidentes\/#breadcrumb"},"inLanguage":"es","potentialAction":[{"@type":"ReadAction","target":["https:\/\/gshseguros.com\/home\/seguro-de-accidentes\/"]}]},{"@type":"BreadcrumbList","@id":"https:\/\/gshseguros.com\/home\/seguro-de-accidentes\/#breadcrumb","itemListElement":[{"@type":"ListItem","position":1,"name":"Portada","item":"https:\/\/gshseguros.com\/home\/"},{"@type":"ListItem","position":2,"name":"Seguro de accidentes"}]},{"@type":"WebSite","@id":"https:\/\/gshseguros.com\/home\/#website","url":"https:\/\/gshseguros.com\/home\/","name":"GSH Seguros","description":"Asesoramiento integral de todo tipo de soluciones aseguradoras","publisher":{"@id":"https:\/\/gshseguros.com\/home\/#organization"},"potentialAction":[{"@type":"SearchAction","target":{"@type":"EntryPoint","urlTemplate":"https:\/\/gshseguros.com\/home\/?s={search_term_string}"},"query-input":{"@type":"PropertyValueSpecification","valueRequired":true,"valueName":"search_term_string"}}],"inLanguage":"es"},{"@type":"Organization","@id":"https:\/\/gshseguros.com\/home\/#organization","name":"GSH SEGUROS HEXAGON","url":"https:\/\/gshseguros.com\/home\/","logo":{"@type":"ImageObject","inLanguage":"es","@id":"https:\/\/gshseguros.com\/home\/#\/schema\/logo\/image\/","url":"https:\/\/gshseguros.com\/home\/wp-content\/uploads\/2018\/09\/logo-hexagon.jpg","contentUrl":"https:\/\/gshseguros.com\/home\/wp-content\/uploads\/2018\/09\/logo-hexagon.jpg","width":6431,"height":4880,"caption":"GSH SEGUROS HEXAGON"},"image":{"@id":"https:\/\/gshseguros.com\/home\/#\/schema\/logo\/image\/"}}]}},"_links":{"self":[{"href":"https:\/\/gshseguros.com\/home\/wp-json\/wp\/v2\/pages\/495","targetHints":{"allow":["GET"]}}],"collection":[{"href":"https:\/\/gshseguros.com\/home\/wp-json\/wp\/v2\/pages"}],"about":[{"href":"https:\/\/gshseguros.com\/home\/wp-json\/wp\/v2\/types\/page"}],"author":[{"embeddable":true,"href":"https:\/\/gshseguros.com\/home\/wp-json\/wp\/v2\/users\/1"}],"replies":[{"embeddable":true,"href":"https:\/\/gshseguros.com\/home\/wp-json\/wp\/v2\/comments?post=495"}],"version-history":[{"count":5,"href":"https:\/\/gshseguros.com\/home\/wp-json\/wp\/v2\/pages\/495\/revisions"}],"predecessor-version":[{"id":1037,"href":"https:\/\/gshseguros.com\/home\/wp-json\/wp\/v2\/pages\/495\/revisions\/1037"}],"wp:attachment":[{"href":"https:\/\/gshseguros.com\/home\/wp-json\/wp\/v2\/media?parent=495"}],"curies":[{"name":"wp","href":"https:\/\/api.w.org\/{rel}","templated":true}]}}