{"id":813,"date":"2018-09-24T11:37:51","date_gmt":"2018-09-24T09:37:51","guid":{"rendered":"https:\/\/gshseguros.com\/home\/?page_id=813"},"modified":"2023-02-13T11:58:35","modified_gmt":"2023-02-13T10:58:35","slug":"high-net-worth","status":"publish","type":"page","link":"https:\/\/gshseguros.com\/home\/en\/high-net-worth\/","title":{"rendered":"High Net-Worth"},"content":{"rendered":"<p>[et_pb_section fb_built=\u00bb1&#8243; fullwidth=\u00bbon\u00bb next_background_color=\u00bb#e8e0d7&#8243; admin_label=\u00bbHero Section\u00bb _builder_version=\u00bb4.16&#8243; custom_padding=\u00bb0|0px|0|0|false|false\u00bb bottom_divider_style=\u00bbarrow\u00bb bottom_divider_height=\u00bb112px\u00bb global_colors_info=\u00bb{}\u00bb][et_pb_fullwidth_header title=\u00bbOUR SOLUTIONS\u00bb subhead=\u00bbHigh Net-Worth\u00bb header_scroll_down=\u00bbon\u00bb scroll_down_icon=\u00bb%%0%%\u00bb button_one_text=\u00bbAsk my budget\u00bb button_one_url=\u00bbhttps:\/\/gshseguros.com\/home\/contacto\/\u00bb background_overlay_color=\u00bbrgba(142,130,121,0.8)\u00bb _builder_version=\u00bb4.16&#8243; title_font=\u00bbSintony|700||on|||||\u00bb title_text_color=\u00bb#fcf1d6&#8243; title_font_size=\u00bb15px\u00bb title_letter_spacing=\u00bb3px\u00bb title_line_height=\u00bb1.4em\u00bb content_font=\u00bbSintony||||||||\u00bb content_text_color=\u00bbrgba(255,255,255,0.89)\u00bb content_font_size=\u00bb18px\u00bb content_line_height=\u00bb2em\u00bb subhead_font=\u00bbPlayfair Display||||||||\u00bb subhead_font_size=\u00bb49px\u00bb subhead_letter_spacing=\u00bb3px\u00bb subhead_line_height=\u00bb1.4em\u00bb background_color=\u00bbrgba(255, 255, 255, 0)\u00bb background_image=\u00bbhttps:\/\/gshseguros.com\/home\/wp-content\/uploads\/2018\/06\/PAL262000023-1.jpg\u00bb background_position=\u00bbtop_right\u00bb custom_button_one=\u00bbon\u00bb button_one_border_width=\u00bb1px\u00bb button_one_border_color=\u00bbrgba(255,255,255,0.3)\u00bb button_one_border_radius=\u00bb0px\u00bb button_one_letter_spacing=\u00bb1px\u00bb button_one_font=\u00bbSaira Extra Condensed|600||on|||||\u00bb button_one_icon_color=\u00bb#ffffff\u00bb custom_button_two=\u00bbon\u00bb button_two_border_width=\u00bb1px\u00bb button_two_border_color=\u00bbrgba(255,255,255,0.3)\u00bb button_two_border_radius=\u00bb0px\u00bb button_two_letter_spacing=\u00bb1px\u00bb button_two_font=\u00bbSaira Extra Condensed|600||on|||||\u00bb button_two_icon_color=\u00bb#edbb5f\u00bb module_alignment=\u00bbright\u00bb custom_margin=\u00bb|||\u00bb custom_margin_last_edited=\u00bboff|desktop\u00bb custom_padding=\u00bb9%|50%|7%|12%\u00bb custom_padding_tablet=\u00bb|40%||\u00bb custom_padding_phone=\u00bb|0%||\u00bb custom_padding_last_edited=\u00bbon|desktop\u00bb title_text_shadow_style=\u00bbpreset3&#8243; title_text_shadow_blur_strength=\u00bb0.29em\u00bb title_text_shadow_color=\u00bbrgba(0,0,0,0.74)\u00bb subhead_text_shadow_style=\u00bbpreset3&#8243; box_shadow_style_button_one=\u00bbpreset6&#8243; button_one_text_color_hover=\u00bb#ffffff\u00bb button_two_text_color_hover=\u00bb#edbb5f\u00bb button_one_bg_color_hover=\u00bb#812528&#8243; button_two_bg_color_hover=\u00bbrgba(0,0,0,0)\u00bb global_colors_info=\u00bb{}\u00bb button_one_text_size__hover_enabled=\u00bboff\u00bb button_one_text_size__hover=\u00bbnull\u00bb button_two_text_size__hover_enabled=\u00bboff\u00bb button_two_text_size__hover=\u00bbnull\u00bb button_one_text_color__hover_enabled=\u00bbon\u00bb button_one_text_color__hover=\u00bb#ffffff\u00bb button_two_text_color__hover_enabled=\u00bbon\u00bb button_two_text_color__hover=\u00bb#edbb5f\u00bb button_one_border_width__hover_enabled=\u00bboff\u00bb button_one_border_width__hover=\u00bbnull\u00bb button_two_border_width__hover_enabled=\u00bboff\u00bb button_two_border_width__hover=\u00bbnull\u00bb button_one_border_color__hover_enabled=\u00bboff\u00bb button_one_border_color__hover=\u00bbnull\u00bb button_two_border_color__hover_enabled=\u00bboff\u00bb button_two_border_color__hover=\u00bbnull\u00bb button_one_border_radius__hover_enabled=\u00bboff\u00bb button_one_border_radius__hover=\u00bbnull\u00bb button_two_border_radius__hover_enabled=\u00bboff\u00bb button_two_border_radius__hover=\u00bbnull\u00bb button_one_letter_spacing__hover_enabled=\u00bboff\u00bb button_one_letter_spacing__hover=\u00bbnull\u00bb button_two_letter_spacing__hover_enabled=\u00bboff\u00bb button_two_letter_spacing__hover=\u00bbnull\u00bb button_one_bg_color__hover_enabled=\u00bbon\u00bb button_one_bg_color__hover=\u00bb#812528&#8243; button_two_bg_color__hover_enabled=\u00bbon\u00bb button_two_bg_color__hover=\u00bbrgba(0,0,0,0)\u00bb]<\/p>\n<p>&nbsp;<\/p>\n<p>GSH Seguros has extensive and verifiable experience in wealth and risk management for high net worth individuals, and we are ready and qualified to provide the best insurance solutions for our clients. We are an excellent complement to Private Banking and Family Office services.<\/p>\n<p>[\/et_pb_fullwidth_header][\/et_pb_section][et_pb_section fb_built=\u00bb1&#8243; admin_label=\u00bbServices\u00bb _builder_version=\u00bb4.16&#8243; background_color=\u00bb#e8e0d7&#8243; custom_padding=\u00bb52px|0px|68px|0px|false|false\u00bb bottom_divider_style=\u00bbarrow3&#8243; bottom_divider_color=\u00bb#ffffff\u00bb custom_css_main_element=\u00bbz-index: 9999;\u00bb global_colors_info=\u00bb{}\u00bb][et_pb_row _builder_version=\u00bb4.16&#8243; custom_margin=\u00bb-150px|||\u00bb custom_padding=\u00bb|30px||30px\u00bb global_colors_info=\u00bb{}\u00bb][et_pb_column type=\u00bb4_4&#8243; _builder_version=\u00bb4.16&#8243; custom_padding=\u00bb|||\u00bb global_colors_info=\u00bb{}\u00bb custom_padding__hover=\u00bb|||\u00bb][et_pb_video src=\u00bbhttps:\/\/gshseguros.com\/home\/wp-content\/uploads\/2018\/Presentacion4.mp4&#8243; src_webm=\u00bbhttps:\/\/gshseguros.com\/home\/wp-content\/uploads\/2018\/Presentacion4.webm\u00bb _builder_version=\u00bb4.16&#8243; animation_style=\u00bbzoom\u00bb box_shadow_style=\u00bbpreset1&#8243; box_shadow_vertical=\u00bb15px\u00bb box_shadow_blur=\u00bb80px\u00bb box_shadow_spread=\u00bb-6px\u00bb global_colors_info=\u00bb{}\u00bb]<\/p>\n<p>&nbsp;<\/p>\n<p>[\/et_pb_video][\/et_pb_column][\/et_pb_row][\/et_pb_section][et_pb_section fb_built=\u00bb1&#8243; admin_label=\u00bbContact\u00bb _builder_version=\u00bb4.16&#8243; background_color=\u00bbrgba(255,255,255,0.1)\u00bb custom_margin=\u00bb|||\u00bb custom_padding=\u00bb0px|0px|0px|0px\u00bb box_shadow_style=\u00bbpreset7&#8243; box_shadow_horizontal=\u00bb0px\u00bb box_shadow_vertical=\u00bb80px\u00bb box_shadow_color=\u00bb#ffffff\u00bb global_colors_info=\u00bb{}\u00bb global_module=\u00bb1040&#8243; theme_builder_area=\u00bbpost_content\u00bb][et_pb_row column_structure=\u00bb1_2,1_2&#8243; custom_padding_last_edited=\u00bbon|phone\u00bb _builder_version=\u00bb4.16&#8243; background_color=\u00bb#ffffff\u00bb custom_margin=\u00bb|||\u00bb custom_padding=\u00bb60px|60px|60px|60px\u00bb custom_padding_tablet=\u00bb\u00bb custom_padding_phone=\u00bb|40px||40px\u00bb animation_style=\u00bbslide\u00bb animation_direction=\u00bbbottom\u00bb animation_duration=\u00bb1500ms\u00bb animation_delay=\u00bb200ms\u00bb animation_intensity_slide=\u00bb10%\u00bb animation_starting_opacity=\u00bb100%\u00bb box_shadow_style=\u00bbpreset3&#8243; box_shadow_vertical=\u00bb15px\u00bb box_shadow_blur=\u00bb80px\u00bb box_shadow_color=\u00bbrgba(0,0,0,0.2)\u00bb global_colors_info=\u00bb{}\u00bb theme_builder_area=\u00bbpost_content\u00bb][et_pb_column type=\u00bb1_2&#8243; _builder_version=\u00bb4.16&#8243; custom_padding=\u00bb|||\u00bb global_colors_info=\u00bb{}\u00bb custom_padding__hover=\u00bb|||\u00bb theme_builder_area=\u00bbpost_content\u00bb][et_pb_image src=\u00bbhttps:\/\/gshseguros.com\/home\/wp-content\/uploads\/2018\/08\/simbolo-tejado-peq.png\u00bb align_tablet=\u00bbcenter\u00bb align_phone=\u00bbcenter\u00bb align_last_edited=\u00bbon|desktop\u00bb _builder_version=\u00bb4.16&#8243; global_colors_info=\u00bb{}\u00bb theme_builder_area=\u00bbpost_content\u00bb]<\/p>\n<p>&nbsp;<\/p>\n<p>[\/et_pb_image][et_pb_text _builder_version=\u00bb4.16&#8243; text_font=\u00bb|||on|||||\u00bb header_font=\u00bb||||||||\u00bb header_2_font=\u00bbPlayfair Display|700|||||||\u00bb header_2_font_size=\u00bb38px\u00bb header_2_letter_spacing=\u00bb1px\u00bb header_2_line_height=\u00bb1.4em\u00bb header_3_font=\u00bbPoppins|700||on|||||\u00bb header_3_text_color=\u00bb#edbb5f\u00bb header_3_font_size=\u00bb14px\u00bb header_3_letter_spacing=\u00bb1px\u00bb header_3_line_height=\u00bb2em\u00bb text_orientation=\u00bbcenter\u00bb max_width=\u00bb550px\u00bb module_alignment=\u00bbcenter\u00bb locked=\u00bboff\u00bb global_colors_info=\u00bb{}\u00bb theme_builder_area=\u00bbpost_content\u00bb]<\/p>\n<h2>Contacto<\/h2>\n<p>[\/et_pb_text][et_pb_contact_form email=\u00bbgsh@gshseguros.com\u00bb success_message=\u00bbMensaje enviado correctamente. Muchas gracias, nos pondremos en contacto con usted a la mayor brevedad\u00bb submit_button_text=\u00bbSend\u00bb module_id=\u00bbet_pb_contact_form_0&#8243; _builder_version=\u00bb4.19.5&#8243; _unique_id=\u00bb4b5401f9-8cff-4b71-88b7-08d1d64e7afc\u00bb form_field_background_color=\u00bb#ffffff\u00bb form_field_text_color=\u00bbrgba(0,0,0,0.7)\u00bb title_level=\u00bbh2&#8243; title_font=\u00bbPlayfair Display|700||on|||||\u00bb title_text_align=\u00bbcenter\u00bb title_font_size=\u00bb38px\u00bb title_line_height=\u00bb1.4em\u00bb form_field_font=\u00bbPoppins|600||on|||||\u00bb form_field_font_size=\u00bb12px\u00bb form_field_letter_spacing=\u00bb2px\u00bb custom_button=\u00bbon\u00bb button_text_color=\u00bb#ffffff\u00bb button_bg_color=\u00bb#8e8279&#8243; button_border_width=\u00bb0px\u00bb button_border_radius=\u00bb0px\u00bb button_letter_spacing=\u00bb1px\u00bb button_font=\u00bbSaira Extra Condensed|600||on|||||\u00bb custom_margin=\u00bb|||\u00bb custom_padding=\u00bb|||\u00bb border_color_all=\u00bb#dfdfe3&#8243; border_width_bottom=\u00bb1px\u00bb form_background_color=\u00bb#ffffff\u00bb locked=\u00bboff\u00bb global_colors_info=\u00bb{}\u00bb theme_builder_area=\u00bbpost_content\u00bb][et_pb_contact_field field_id=\u00bbNombre\u00bb field_title=\u00bbName\u00bb fullwidth_field=\u00bbon\u00bb _builder_version=\u00bb4.16&#8243; form_field_font=\u00bb||||||||\u00bb custom_margin=\u00bb||20px|\u00bb custom_padding=\u00bb|||\u00bb global_colors_info=\u00bb{}\u00bb theme_builder_area=\u00bbpost_content\u00bb][\/et_pb_contact_field][et_pb_contact_field field_id=\u00bbEmail\u00bb field_title=\u00bbEmail\u00bb fullwidth_field=\u00bbon\u00bb _builder_version=\u00bb4.16&#8243; form_field_font=\u00bb||||||||\u00bb custom_margin=\u00bb||20px|\u00bb global_colors_info=\u00bb{}\u00bb theme_builder_area=\u00bbpost_content\u00bb][\/et_pb_contact_field][et_pb_contact_field field_id=\u00bbTel\u00e9fono\u00bb field_title=\u00bbPhone Number\u00bb required_mark=\u00bboff\u00bb fullwidth_field=\u00bbon\u00bb _builder_version=\u00bb4.16&#8243; form_field_font=\u00bb||||||||\u00bb custom_margin=\u00bb||20px|\u00bb global_colors_info=\u00bb{}\u00bb theme_builder_area=\u00bbpost_content\u00bb][\/et_pb_contact_field][et_pb_contact_field field_id=\u00bbMensaje\u00bb field_title=\u00bbMessage\u00bb field_type=\u00bbtext\u00bb fullwidth_field=\u00bbon\u00bb _builder_version=\u00bb4.16&#8243; form_field_background_color=\u00bbrgba(12,12,12,0.02)\u00bb form_field_font=\u00bb||||||||\u00bb custom_margin=\u00bb40px||20px|\u00bb border_width_all=\u00bb1px\u00bb field_background_color=\u00bbrgba(12,12,12,0.02)\u00bb global_colors_info=\u00bb{}\u00bb theme_builder_area=\u00bbpost_content\u00bb][\/et_pb_contact_field][et_pb_contact_field field_id=\u00bbCHECKBOX\u00bb field_title=\u00bb PRIVACY\u00bb field_type=\u00bbcheckbox\u00bb checkbox_options=\u00bb%91{%22value%22:%22I ACCEPT%22,%22checked%22:0,%22dragID%22:-1,%22link_url%22:%22https:\/\/gshseguros.com\/home\/politica-privacidad\/%22,%22link_text%22:%22 PRIVACY POLITICS%22}%93&#8243; _builder_version=\u00bb4.19.5&#8243; form_field_font=\u00bb||||||||\u00bb link_option_url=\u00bbhttps:\/\/gshseguros.com\/home\/aviso-legal\/\u00bb link_option_url_new_window=\u00bbon\u00bb global_colors_info=\u00bb{}\u00bb theme_builder_area=\u00bbpost_content\u00bb][\/et_pb_contact_field][\/et_pb_contact_form][\/et_pb_column][et_pb_column type=\u00bb1_2&#8243; _builder_version=\u00bb4.16&#8243; custom_padding=\u00bb|||\u00bb global_colors_info=\u00bb{}\u00bb custom_padding__hover=\u00bb|||\u00bb theme_builder_area=\u00bbpost_content\u00bb][et_pb_image src=\u00bbhttps:\/\/gshseguros.com\/home\/wp-content\/uploads\/2018\/06\/logo-hexagon-gsh.png\u00bb align=\u00bbcenter\u00bb align_tablet=\u00bbcenter\u00bb align_phone=\u00bbcenter\u00bb align_last_edited=\u00bbon|desktop\u00bb _builder_version=\u00bb4.16&#8243; max_width=\u00bb40%\u00bb custom_margin=\u00bb|||\u00bb custom_padding=\u00bb|||\u00bb animation_style=\u00bbfade\u00bb global_colors_info=\u00bb{}\u00bb theme_builder_area=\u00bbpost_content\u00bb]<\/p>\n<p>&nbsp;<\/p>\n<p>[\/et_pb_image][et_pb_text _builder_version=\u00bb4.16&#8243; text_font=\u00bbSintony|600||on|||||\u00bb text_font_size=\u00bb16px\u00bb text_letter_spacing=\u00bb2px\u00bb text_line_height=\u00bb2em\u00bb background_color=\u00bb#8e8279&#8243; text_orientation=\u00bbcenter\u00bb background_layout=\u00bbdark\u00bb custom_margin=\u00bb|||\u00bb custom_padding=\u00bb60px|40px|60px|40px\u00bb custom_padding_last_edited=\u00bboff|desktop\u00bb animation_style=\u00bbflip\u00bb animation_delay=\u00bb200ms\u00bb border_color_all=\u00bb#812528&#8243; border_width_top=\u00bb8px\u00bb locked=\u00bboff\u00bb global_colors_info=\u00bb{}\u00bb theme_builder_area=\u00bbpost_content\u00bb]<\/p>\n<h2><strong>GESTI\u00d3N DE SEGUROS HEXAGON<\/strong><\/h2>\n<p>Calle Vel\u00e1zquez 158, 1\u00ba A<br \/>28002 Madrid<br \/><a href=\"tel:91 563 18 33\">Tel. 91 563 18 33<\/a><\/p>\n<p>[\/et_pb_text][\/et_pb_column][\/et_pb_row][et_pb_row _builder_version=\u00bb4.16&#8243; background_color=\u00bb#ffffff\u00bb custom_margin=\u00bb-30px|||\u00bb custom_padding=\u00bb|30px||30px\u00bb locked=\u00bboff\u00bb global_colors_info=\u00bb{}\u00bb theme_builder_area=\u00bbpost_content\u00bb][et_pb_column type=\u00bb4_4&#8243; _builder_version=\u00bb4.16&#8243; background_color=\u00bb#ffffff\u00bb custom_padding=\u00bb|||\u00bb global_colors_info=\u00bb{}\u00bb custom_padding__hover=\u00bb|||\u00bb theme_builder_area=\u00bbpost_content\u00bb][et_pb_text _builder_version=\u00bb4.19.5&#8243; global_colors_info=\u00bb{}\u00bb theme_builder_area=\u00bbpost_content\u00bb]<\/p>\n<p><strong>INFORMACION BASICA SOBRE PROTECCION DE DATOS PERSONALES<\/strong><\/p>\n<ul>\n<li><strong>Responsable:<\/strong> GESTION DE SEGUROS HEXAGON, S.L.<\/li>\n<li><strong>Finalidad:<\/strong> Prestar los servicios solicitados y realizar la gesti\u00f3n contable, fiscal y administrativa, as\u00ed como enviarle comunicaciones comerciales sobre nuestros productos y\/o servicios y realizarles encuestas de satisfacci\u00f3n.<\/li>\n<li><strong>Legitimaci\u00f3n:<\/strong> su propio consentimiento, el inter\u00e9s leg\u00edtimo.<\/li>\n<li><strong>Destinatario:<\/strong> no cederemos sus datos a terceros, salvo obligaci\u00f3n legal.<\/li>\n<li><strong>Derechos:<\/strong> puede ejercitar los derechos de acceso, rectificaci\u00f3n o supresi\u00f3n de datos, as\u00ed como disponer de otros derechos en <a href=\"mailto:gsh@gshseguros.com\">gsh@gshseguros.com<\/a><\/li>\n<\/ul>\n<p>As\u00ed mismo, le informamos que si no desea recibir informaci\u00f3n comercial de nuestros productos y servicios nos lo comunique en el cuerpo del mensaje (en el formulario anterior) o nos escriba a la direcci\u00f3n electr\u00f3nica se\u00f1alada en el p\u00e1rrafo anterior.<\/p>\n<p>Informaci\u00f3n adicional: <a href=\"https:\/\/gshseguros.com\/home\/politica-privacidad\/\">www.gshseguros.com<\/a><\/p>\n<p>[\/et_pb_text][\/et_pb_column][\/et_pb_row][\/et_pb_section]<\/p>\n","protected":false},"excerpt":{"rendered":"<p>&nbsp; GSH Seguros has extensive and verifiable experience in wealth and risk management for high net worth individuals, and we are ready and qualified to provide the best insurance solutions for our clients. We are an excellent complement to Private Banking and Family Office services. &nbsp; &nbsp; Contacto &nbsp; GESTI\u00d3N DE SEGUROS HEXAGON Calle Vel\u00e1zquez [&hellip;]<\/p>\n","protected":false},"author":1,"featured_media":0,"parent":0,"menu_order":0,"comment_status":"closed","ping_status":"closed","template":"","meta":{"_et_pb_use_builder":"on","_et_pb_old_content":"","_et_gb_content_width":"","footnotes":""},"class_list":["post-813","page","type-page","status-publish","hentry"],"yoast_head":"<!-- This site is optimized with the Yoast SEO plugin v26.5 - https:\/\/yoast.com\/wordpress\/plugins\/seo\/ -->\n<title>High Net-Worth - GSH Seguros<\/title>\n<meta name=\"robots\" content=\"index, follow, max-snippet:-1, max-image-preview:large, max-video-preview:-1\" \/>\n<link rel=\"canonical\" href=\"https:\/\/gshseguros.com\/home\/en\/high-net-worth\/\" \/>\n<meta property=\"og:locale\" content=\"es_ES\" \/>\n<meta property=\"og:type\" content=\"article\" \/>\n<meta property=\"og:title\" content=\"High Net-Worth - GSH Seguros\" \/>\n<meta property=\"og:description\" content=\"&nbsp; GSH Seguros has extensive and verifiable experience in wealth and risk management for high net worth individuals, and we are ready and qualified to provide the best insurance solutions for our clients. We are an excellent complement to Private Banking and Family Office services. &nbsp; &nbsp; Contacto &nbsp; GESTI\u00d3N DE SEGUROS HEXAGON Calle Vel\u00e1zquez [&hellip;]\" \/>\n<meta property=\"og:url\" content=\"https:\/\/gshseguros.com\/home\/en\/high-net-worth\/\" \/>\n<meta property=\"og:site_name\" content=\"GSH Seguros\" \/>\n<meta property=\"article:modified_time\" content=\"2023-02-13T10:58:35+00:00\" \/>\n<meta name=\"twitter:card\" content=\"summary_large_image\" \/>\n<meta name=\"twitter:label1\" content=\"Tiempo de lectura\" \/>\n\t<meta name=\"twitter:data1\" content=\"8 minutos\" \/>\n<script type=\"application\/ld+json\" class=\"yoast-schema-graph\">{\"@context\":\"https:\/\/schema.org\",\"@graph\":[{\"@type\":\"WebPage\",\"@id\":\"https:\/\/gshseguros.com\/home\/en\/high-net-worth\/\",\"url\":\"https:\/\/gshseguros.com\/home\/en\/high-net-worth\/\",\"name\":\"High Net-Worth - GSH Seguros\",\"isPartOf\":{\"@id\":\"https:\/\/gshseguros.com\/home\/#website\"},\"datePublished\":\"2018-09-24T09:37:51+00:00\",\"dateModified\":\"2023-02-13T10:58:35+00:00\",\"breadcrumb\":{\"@id\":\"https:\/\/gshseguros.com\/home\/en\/high-net-worth\/#breadcrumb\"},\"inLanguage\":\"es\",\"potentialAction\":[{\"@type\":\"ReadAction\",\"target\":[\"https:\/\/gshseguros.com\/home\/en\/high-net-worth\/\"]}]},{\"@type\":\"BreadcrumbList\",\"@id\":\"https:\/\/gshseguros.com\/home\/en\/high-net-worth\/#breadcrumb\",\"itemListElement\":[{\"@type\":\"ListItem\",\"position\":1,\"name\":\"Portada\",\"item\":\"https:\/\/gshseguros.com\/home\/\"},{\"@type\":\"ListItem\",\"position\":2,\"name\":\"High Net-Worth\"}]},{\"@type\":\"WebSite\",\"@id\":\"https:\/\/gshseguros.com\/home\/#website\",\"url\":\"https:\/\/gshseguros.com\/home\/\",\"name\":\"GSH Seguros\",\"description\":\"Asesoramiento integral de todo tipo de soluciones aseguradoras\",\"publisher\":{\"@id\":\"https:\/\/gshseguros.com\/home\/#organization\"},\"potentialAction\":[{\"@type\":\"SearchAction\",\"target\":{\"@type\":\"EntryPoint\",\"urlTemplate\":\"https:\/\/gshseguros.com\/home\/?s={search_term_string}\"},\"query-input\":{\"@type\":\"PropertyValueSpecification\",\"valueRequired\":true,\"valueName\":\"search_term_string\"}}],\"inLanguage\":\"es\"},{\"@type\":\"Organization\",\"@id\":\"https:\/\/gshseguros.com\/home\/#organization\",\"name\":\"GSH SEGUROS HEXAGON\",\"url\":\"https:\/\/gshseguros.com\/home\/\",\"logo\":{\"@type\":\"ImageObject\",\"inLanguage\":\"es\",\"@id\":\"https:\/\/gshseguros.com\/home\/#\/schema\/logo\/image\/\",\"url\":\"https:\/\/gshseguros.com\/home\/wp-content\/uploads\/2018\/09\/logo-hexagon.jpg\",\"contentUrl\":\"https:\/\/gshseguros.com\/home\/wp-content\/uploads\/2018\/09\/logo-hexagon.jpg\",\"width\":6431,\"height\":4880,\"caption\":\"GSH SEGUROS HEXAGON\"},\"image\":{\"@id\":\"https:\/\/gshseguros.com\/home\/#\/schema\/logo\/image\/\"}}]}<\/script>\n<!-- \/ Yoast SEO plugin. -->","yoast_head_json":{"title":"High Net-Worth - GSH Seguros","robots":{"index":"index","follow":"follow","max-snippet":"max-snippet:-1","max-image-preview":"max-image-preview:large","max-video-preview":"max-video-preview:-1"},"canonical":"https:\/\/gshseguros.com\/home\/en\/high-net-worth\/","og_locale":"es_ES","og_type":"article","og_title":"High Net-Worth - GSH Seguros","og_description":"&nbsp; GSH Seguros has extensive and verifiable experience in wealth and risk management for high net worth individuals, and we are ready and qualified to provide the best insurance solutions for our clients. We are an excellent complement to Private Banking and Family Office services. &nbsp; &nbsp; Contacto &nbsp; GESTI\u00d3N DE SEGUROS HEXAGON Calle Vel\u00e1zquez [&hellip;]","og_url":"https:\/\/gshseguros.com\/home\/en\/high-net-worth\/","og_site_name":"GSH Seguros","article_modified_time":"2023-02-13T10:58:35+00:00","twitter_card":"summary_large_image","twitter_misc":{"Tiempo de lectura":"8 minutos"},"schema":{"@context":"https:\/\/schema.org","@graph":[{"@type":"WebPage","@id":"https:\/\/gshseguros.com\/home\/en\/high-net-worth\/","url":"https:\/\/gshseguros.com\/home\/en\/high-net-worth\/","name":"High Net-Worth - GSH Seguros","isPartOf":{"@id":"https:\/\/gshseguros.com\/home\/#website"},"datePublished":"2018-09-24T09:37:51+00:00","dateModified":"2023-02-13T10:58:35+00:00","breadcrumb":{"@id":"https:\/\/gshseguros.com\/home\/en\/high-net-worth\/#breadcrumb"},"inLanguage":"es","potentialAction":[{"@type":"ReadAction","target":["https:\/\/gshseguros.com\/home\/en\/high-net-worth\/"]}]},{"@type":"BreadcrumbList","@id":"https:\/\/gshseguros.com\/home\/en\/high-net-worth\/#breadcrumb","itemListElement":[{"@type":"ListItem","position":1,"name":"Portada","item":"https:\/\/gshseguros.com\/home\/"},{"@type":"ListItem","position":2,"name":"High Net-Worth"}]},{"@type":"WebSite","@id":"https:\/\/gshseguros.com\/home\/#website","url":"https:\/\/gshseguros.com\/home\/","name":"GSH Seguros","description":"Asesoramiento integral de todo tipo de soluciones aseguradoras","publisher":{"@id":"https:\/\/gshseguros.com\/home\/#organization"},"potentialAction":[{"@type":"SearchAction","target":{"@type":"EntryPoint","urlTemplate":"https:\/\/gshseguros.com\/home\/?s={search_term_string}"},"query-input":{"@type":"PropertyValueSpecification","valueRequired":true,"valueName":"search_term_string"}}],"inLanguage":"es"},{"@type":"Organization","@id":"https:\/\/gshseguros.com\/home\/#organization","name":"GSH SEGUROS HEXAGON","url":"https:\/\/gshseguros.com\/home\/","logo":{"@type":"ImageObject","inLanguage":"es","@id":"https:\/\/gshseguros.com\/home\/#\/schema\/logo\/image\/","url":"https:\/\/gshseguros.com\/home\/wp-content\/uploads\/2018\/09\/logo-hexagon.jpg","contentUrl":"https:\/\/gshseguros.com\/home\/wp-content\/uploads\/2018\/09\/logo-hexagon.jpg","width":6431,"height":4880,"caption":"GSH SEGUROS HEXAGON"},"image":{"@id":"https:\/\/gshseguros.com\/home\/#\/schema\/logo\/image\/"}}]}},"_links":{"self":[{"href":"https:\/\/gshseguros.com\/home\/wp-json\/wp\/v2\/pages\/813","targetHints":{"allow":["GET"]}}],"collection":[{"href":"https:\/\/gshseguros.com\/home\/wp-json\/wp\/v2\/pages"}],"about":[{"href":"https:\/\/gshseguros.com\/home\/wp-json\/wp\/v2\/types\/page"}],"author":[{"embeddable":true,"href":"https:\/\/gshseguros.com\/home\/wp-json\/wp\/v2\/users\/1"}],"replies":[{"embeddable":true,"href":"https:\/\/gshseguros.com\/home\/wp-json\/wp\/v2\/comments?post=813"}],"version-history":[{"count":5,"href":"https:\/\/gshseguros.com\/home\/wp-json\/wp\/v2\/pages\/813\/revisions"}],"predecessor-version":[{"id":1045,"href":"https:\/\/gshseguros.com\/home\/wp-json\/wp\/v2\/pages\/813\/revisions\/1045"}],"wp:attachment":[{"href":"https:\/\/gshseguros.com\/home\/wp-json\/wp\/v2\/media?parent=813"}],"curies":[{"name":"wp","href":"https:\/\/api.w.org\/{rel}","templated":true}]}}